{"id":860,"date":"2024-12-02T17:06:10","date_gmt":"2024-12-02T16:06:10","guid":{"rendered":"https:\/\/mallorca.mariluz.travel\/bonoregalo\/producto\/bono-regal-mariluz\/"},"modified":"2025-12-09T13:19:01","modified_gmt":"2025-12-09T12:19:01","slug":"bono-regal-mariluz","status":"publish","type":"product","link":"https:\/\/mallorca.mariluz.travel\/bonoregalo\/ca\/producto\/bono-regal-mariluz\/","title":{"rendered":"Targeta Regal Mariluz"},"content":{"rendered":"<p>[et_pb_section fb_built=&#8221;1&#8243; _builder_version=&#8221;4.27.0&#8243; background_color=&#8221;RGBA(255,255,255,0)&#8221; custom_padding=&#8221;0px||||false|false&#8221; global_colors_info=&#8221;{}&#8221;][et_pb_row _builder_version=&#8221;4.27.0&#8243; background_color=&#8221;RGBA(255,255,255,0)&#8221; background_size=&#8221;initial&#8221; background_position=&#8221;top_left&#8221; background_repeat=&#8221;repeat&#8221; width=&#8221;100%&#8221; custom_padding=&#8221;0px||0px||false|false&#8221; global_colors_info=&#8221;{}&#8221;][et_pb_column type=&#8221;4_4&#8243; _builder_version=&#8221;4.16&#8243; custom_padding=&#8221;|||&#8221; global_colors_info=&#8221;{}&#8221; custom_padding__hover=&#8221;|||&#8221;][et_pb_wc_breadcrumb _builder_version=&#8221;4.27.0&#8243; background_color=&#8221;RGBA(255,255,255,0)&#8221; global_colors_info=&#8221;{}&#8221;][\/et_pb_wc_breadcrumb][et_pb_wc_cart_notice _builder_version=&#8221;4.27.0&#8243; background_color=&#8221;RGBA(255,255,255,0)&#8221; custom_button=&#8221;on&#8221; button_text_color=&#8221;#FFFFFF&#8221; button_bg_color=&#8221;#73B49A&#8221; border_color_all=&#8221;#73B49A&#8221; global_colors_info=&#8221;{}&#8221;][\/et_pb_wc_cart_notice][\/et_pb_column][\/et_pb_row][et_pb_row column_structure=&#8221;1_2,1_2&#8243; _builder_version=&#8221;4.16&#8243; background_size=&#8221;initial&#8221; background_position=&#8221;top_left&#8221; background_repeat=&#8221;repeat&#8221; width=&#8221;100%&#8221; custom_padding=&#8221;0px||||false|false&#8221; global_colors_info=&#8221;{}&#8221;][et_pb_column type=&#8221;1_2&#8243; _builder_version=&#8221;4.16&#8243; custom_padding=&#8221;|||&#8221; global_colors_info=&#8221;{}&#8221; custom_padding__hover=&#8221;|||&#8221;][et_pb_wc_images _builder_version=&#8221;4.27.0&#8243; background_color=&#8221;#FAF4E8&#8243; box_shadow_style=&#8221;preset3&#8243; box_shadow_horizontal=&#8221;3px&#8221; global_colors_info=&#8221;{}&#8221;][\/et_pb_wc_images][\/et_pb_column][et_pb_column type=&#8221;1_2&#8243; _builder_version=&#8221;4.16&#8243; custom_padding=&#8221;|||&#8221; global_colors_info=&#8221;{}&#8221; custom_padding__hover=&#8221;|||&#8221;][et_pb_wc_title product=&#8221;860&#8243; _builder_version=&#8221;4.27.0&#8243; header_font=&#8221;|700|||||||&#8221; header_text_color=&#8221;#73B49A&#8221; header_font_size=&#8221;39px&#8221; global_colors_info=&#8221;{}&#8221;][\/et_pb_wc_title][et_pb_wc_rating _builder_version=&#8221;4.27.0&#8243; rating_text_color=&#8221;#E09900&#8243; global_colors_info=&#8221;{}&#8221;][\/et_pb_wc_rating][et_pb_wc_price _builder_version=&#8221;4.27.0&#8243; body_text_color=&#8221;#73B49A&#8221; global_colors_info=&#8221;{}&#8221;][\/et_pb_wc_price][et_pb_wc_description _builder_version=&#8221;4.16&#8243; global_colors_info=&#8221;{}&#8221;][\/et_pb_wc_description][et_pb_wc_add_to_cart field_label_position=&#8221;inline&#8221; _builder_version=&#8221;4.27.0&#8243; field_label_font_size=&#8221;12px&#8221; field_label_letter_spacing=&#8221;1px&#8221; field_label_line_height=&#8221;1em&#8221; fields_font=&#8221;|600|||||||&#8221; fields_font_size=&#8221;10px&#8221; custom_button=&#8221;on&#8221; button_text_color=&#8221;#73B49A&#8221; global_colors_info=&#8221;{}&#8221;][\/et_pb_wc_add_to_cart][et_pb_wc_meta _builder_version=&#8221;4.16&#8243; global_colors_info=&#8221;{}&#8221;][\/et_pb_wc_meta][\/et_pb_column][\/et_pb_row][et_pb_row _builder_version=&#8221;4.16&#8243; background_size=&#8221;initial&#8221; background_position=&#8221;top_left&#8221; background_repeat=&#8221;repeat&#8221; width=&#8221;100%&#8221; global_colors_info=&#8221;{}&#8221;][et_pb_column type=&#8221;4_4&#8243; _builder_version=&#8221;4.16&#8243; custom_padding=&#8221;|||&#8221; global_colors_info=&#8221;{}&#8221; custom_padding__hover=&#8221;|||&#8221;][et_pb_wc_tabs _builder_version=&#8221;4.16&#8243; global_colors_info=&#8221;{}&#8221;]\t\t\t\t\t[\/et_pb_wc_tabs][et_pb_wc_upsells _builder_version=&#8221;4.16&#8243; global_colors_info=&#8221;{}&#8221;][\/et_pb_wc_upsells][\/et_pb_column][\/et_pb_row][\/et_pb_section]<\/p>\n","protected":false},"excerpt":{"rendered":"","protected":false},"featured_media":901,"comment_status":"closed","ping_status":"closed","template":"","meta":{"_et_pb_use_builder":"on","_et_pb_old_content":"Aquestes festes Regala benestar, emocions i records inesborrables. Regala el Bono Mariluz","_et_gb_content_width":""},"product_brand":[],"product_cat":[21],"product_tag":[],"giftcard-category":[],"class_list":{"0":"post-860","1":"product","2":"type-product","3":"status-publish","4":"has-post-thumbnail","6":"product_cat-sin-categorizar","8":"first","9":"instock","10":"featured","11":"virtual","12":"purchasable","13":"product-type-gift-card"},"yoast_head":"<!-- This site is optimized with the Yoast SEO plugin v26.0 - https:\/\/yoast.com\/wordpress\/plugins\/seo\/ -->\n<title>Targeta Regal Mariluz - Bono Regalo Mariluz<\/title>\n<meta name=\"description\" content=\"Des de 50\u20ac, regala experi\u00e8ncies \u00faniques a hotels de luxe a Mallorca. Brunch, Day Pass, Spa, escapades i m\u00e9s. El detall perfecte!\" \/>\n<meta name=\"robots\" content=\"index, follow, max-snippet:-1, max-image-preview:large, max-video-preview:-1\" \/>\n<link rel=\"canonical\" href=\"https:\/\/mallorca.mariluz.travel\/bonoregalo\/ca\/producto\/bono-regal-mariluz\/\" \/>\n<meta property=\"og:locale\" content=\"ca_ES\" \/>\n<meta property=\"og:type\" content=\"article\" \/>\n<meta property=\"og:title\" content=\"Targeta Regal Mariluz - Bono Regalo Mariluz\" \/>\n<meta property=\"og:description\" content=\"Des de 50\u20ac, regala experi\u00e8ncies \u00faniques a hotels de luxe a Mallorca. Brunch, Day Pass, Spa, escapades i m\u00e9s. El detall perfecte!\" \/>\n<meta property=\"og:url\" content=\"https:\/\/mallorca.mariluz.travel\/bonoregalo\/ca\/producto\/bono-regal-mariluz\/\" \/>\n<meta property=\"og:site_name\" content=\"Bono Regalo Mariluz\" \/>\n<meta property=\"article:publisher\" content=\"https:\/\/www.facebook.com\/mariluztravel\/?locale=es_ES\" \/>\n<meta property=\"article:modified_time\" content=\"2025-12-09T12:19:01+00:00\" \/>\n<meta property=\"og:image\" content=\"https:\/\/mallorca.mariluz.travel\/bonoregalo\/wp-content\/uploads\/2024\/12\/Mariluz-mujer-3.png\" \/>\n\t<meta property=\"og:image:width\" content=\"407\" \/>\n\t<meta property=\"og:image:height\" content=\"307\" \/>\n\t<meta property=\"og:image:type\" content=\"image\/png\" \/>\n<meta name=\"twitter:card\" content=\"summary_large_image\" \/>\n<meta name=\"twitter:label1\" content=\"Temps estimat de lectura\" \/>\n\t<meta name=\"twitter:data1\" content=\"1 minut\" \/>\n<script type=\"application\/ld+json\" class=\"yoast-schema-graph\">{\"@context\":\"https:\/\/schema.org\",\"@graph\":[{\"@type\":\"WebPage\",\"@id\":\"https:\/\/mallorca.mariluz.travel\/bonoregalo\/ca\/producto\/bono-regal-mariluz\/\",\"url\":\"https:\/\/mallorca.mariluz.travel\/bonoregalo\/ca\/producto\/bono-regal-mariluz\/\",\"name\":\"Targeta Regal Mariluz - Bono Regalo Mariluz\",\"isPartOf\":{\"@id\":\"https:\/\/mallorca.mariluz.travel\/bonoregalo\/#website\"},\"primaryImageOfPage\":{\"@id\":\"https:\/\/mallorca.mariluz.travel\/bonoregalo\/ca\/producto\/bono-regal-mariluz\/#primaryimage\"},\"image\":{\"@id\":\"https:\/\/mallorca.mariluz.travel\/bonoregalo\/ca\/producto\/bono-regal-mariluz\/#primaryimage\"},\"thumbnailUrl\":\"https:\/\/mallorca.mariluz.travel\/bonoregalo\/wp-content\/uploads\/2025\/12\/unnamed-26.webp\",\"datePublished\":\"2024-12-02T16:06:10+00:00\",\"dateModified\":\"2025-12-09T12:19:01+00:00\",\"description\":\"Des de 50\u20ac, regala experi\u00e8ncies \u00faniques a hotels de luxe a Mallorca. Brunch, Day Pass, Spa, escapades i m\u00e9s. El detall perfecte!\",\"breadcrumb\":{\"@id\":\"https:\/\/mallorca.mariluz.travel\/bonoregalo\/ca\/producto\/bono-regal-mariluz\/#breadcrumb\"},\"inLanguage\":\"ca\",\"potentialAction\":[{\"@type\":\"ReadAction\",\"target\":[\"https:\/\/mallorca.mariluz.travel\/bonoregalo\/ca\/producto\/bono-regal-mariluz\/\"]}]},{\"@type\":\"ImageObject\",\"inLanguage\":\"ca\",\"@id\":\"https:\/\/mallorca.mariluz.travel\/bonoregalo\/ca\/producto\/bono-regal-mariluz\/#primaryimage\",\"url\":\"https:\/\/mallorca.mariluz.travel\/bonoregalo\/wp-content\/uploads\/2025\/12\/unnamed-26.webp\",\"contentUrl\":\"https:\/\/mallorca.mariluz.travel\/bonoregalo\/wp-content\/uploads\/2025\/12\/unnamed-26.webp\",\"width\":677,\"height\":563},{\"@type\":\"BreadcrumbList\",\"@id\":\"https:\/\/mallorca.mariluz.travel\/bonoregalo\/ca\/producto\/bono-regal-mariluz\/#breadcrumb\",\"itemListElement\":[{\"@type\":\"ListItem\",\"position\":1,\"name\":\"Portada\",\"item\":\"https:\/\/mallorca.mariluz.travel\/bonoregalo\/ca\/bono-regalo\/\"},{\"@type\":\"ListItem\",\"position\":2,\"name\":\"Tienda\",\"item\":\"https:\/\/mallorca.mariluz.travel\/bonoregalo\/tienda\/\"},{\"@type\":\"ListItem\",\"position\":3,\"name\":\"Targeta Regal Mariluz\"}]},{\"@type\":\"WebSite\",\"@id\":\"https:\/\/mallorca.mariluz.travel\/bonoregalo\/#website\",\"url\":\"https:\/\/mallorca.mariluz.travel\/bonoregalo\/\",\"name\":\"Bono Regalo Mariluz\",\"description\":\"Bono regalo desde 25\u20ac - Regala experiencias en Mallorca\",\"publisher\":{\"@id\":\"https:\/\/mallorca.mariluz.travel\/bonoregalo\/#organization\"},\"potentialAction\":[{\"@type\":\"SearchAction\",\"target\":{\"@type\":\"EntryPoint\",\"urlTemplate\":\"https:\/\/mallorca.mariluz.travel\/bonoregalo\/?s={search_term_string}\"},\"query-input\":{\"@type\":\"PropertyValueSpecification\",\"valueRequired\":true,\"valueName\":\"search_term_string\"}}],\"inLanguage\":\"ca\"},{\"@type\":\"Organization\",\"@id\":\"https:\/\/mallorca.mariluz.travel\/bonoregalo\/#organization\",\"name\":\"Bono Regalo Mariluz travel\",\"url\":\"https:\/\/mallorca.mariluz.travel\/bonoregalo\/\",\"logo\":{\"@type\":\"ImageObject\",\"inLanguage\":\"ca\",\"@id\":\"https:\/\/mallorca.mariluz.travel\/bonoregalo\/#\/schema\/logo\/image\/\",\"url\":\"https:\/\/mallorca.mariluz.travel\/bonoregalo\/wp-content\/uploads\/2025\/01\/cropped-Diseno-sin-titulo-8.png\",\"contentUrl\":\"https:\/\/mallorca.mariluz.travel\/bonoregalo\/wp-content\/uploads\/2025\/01\/cropped-Diseno-sin-titulo-8.png\",\"width\":512,\"height\":512,\"caption\":\"Bono Regalo Mariluz travel\"},\"image\":{\"@id\":\"https:\/\/mallorca.mariluz.travel\/bonoregalo\/#\/schema\/logo\/image\/\"},\"sameAs\":[\"https:\/\/www.facebook.com\/mariluztravel\/?locale=es_ES\",\"https:\/\/www.instagram.com\/mariluz.travel\/\"]}]}<\/script>\n<!-- \/ Yoast SEO plugin. -->","yoast_head_json":{"title":"Targeta Regal Mariluz - Bono Regalo Mariluz","description":"Des de 50\u20ac, regala experi\u00e8ncies \u00faniques a hotels de luxe a Mallorca. Brunch, Day Pass, Spa, escapades i m\u00e9s. El detall perfecte!","robots":{"index":"index","follow":"follow","max-snippet":"max-snippet:-1","max-image-preview":"max-image-preview:large","max-video-preview":"max-video-preview:-1"},"canonical":"https:\/\/mallorca.mariluz.travel\/bonoregalo\/ca\/producto\/bono-regal-mariluz\/","og_locale":"ca_ES","og_type":"article","og_title":"Targeta Regal Mariluz - Bono Regalo Mariluz","og_description":"Des de 50\u20ac, regala experi\u00e8ncies \u00faniques a hotels de luxe a Mallorca. Brunch, Day Pass, Spa, escapades i m\u00e9s. El detall perfecte!","og_url":"https:\/\/mallorca.mariluz.travel\/bonoregalo\/ca\/producto\/bono-regal-mariluz\/","og_site_name":"Bono Regalo Mariluz","article_publisher":"https:\/\/www.facebook.com\/mariluztravel\/?locale=es_ES","article_modified_time":"2025-12-09T12:19:01+00:00","og_image":[{"width":407,"height":307,"url":"https:\/\/mallorca.mariluz.travel\/bonoregalo\/wp-content\/uploads\/2024\/12\/Mariluz-mujer-3.png","type":"image\/png"}],"twitter_card":"summary_large_image","twitter_misc":{"Temps estimat de lectura":"1 minut"},"schema":{"@context":"https:\/\/schema.org","@graph":[{"@type":"WebPage","@id":"https:\/\/mallorca.mariluz.travel\/bonoregalo\/ca\/producto\/bono-regal-mariluz\/","url":"https:\/\/mallorca.mariluz.travel\/bonoregalo\/ca\/producto\/bono-regal-mariluz\/","name":"Targeta Regal Mariluz - Bono Regalo Mariluz","isPartOf":{"@id":"https:\/\/mallorca.mariluz.travel\/bonoregalo\/#website"},"primaryImageOfPage":{"@id":"https:\/\/mallorca.mariluz.travel\/bonoregalo\/ca\/producto\/bono-regal-mariluz\/#primaryimage"},"image":{"@id":"https:\/\/mallorca.mariluz.travel\/bonoregalo\/ca\/producto\/bono-regal-mariluz\/#primaryimage"},"thumbnailUrl":"https:\/\/mallorca.mariluz.travel\/bonoregalo\/wp-content\/uploads\/2025\/12\/unnamed-26.webp","datePublished":"2024-12-02T16:06:10+00:00","dateModified":"2025-12-09T12:19:01+00:00","description":"Des de 50\u20ac, regala experi\u00e8ncies \u00faniques a hotels de luxe a Mallorca. Brunch, Day Pass, Spa, escapades i m\u00e9s. El detall perfecte!","breadcrumb":{"@id":"https:\/\/mallorca.mariluz.travel\/bonoregalo\/ca\/producto\/bono-regal-mariluz\/#breadcrumb"},"inLanguage":"ca","potentialAction":[{"@type":"ReadAction","target":["https:\/\/mallorca.mariluz.travel\/bonoregalo\/ca\/producto\/bono-regal-mariluz\/"]}]},{"@type":"ImageObject","inLanguage":"ca","@id":"https:\/\/mallorca.mariluz.travel\/bonoregalo\/ca\/producto\/bono-regal-mariluz\/#primaryimage","url":"https:\/\/mallorca.mariluz.travel\/bonoregalo\/wp-content\/uploads\/2025\/12\/unnamed-26.webp","contentUrl":"https:\/\/mallorca.mariluz.travel\/bonoregalo\/wp-content\/uploads\/2025\/12\/unnamed-26.webp","width":677,"height":563},{"@type":"BreadcrumbList","@id":"https:\/\/mallorca.mariluz.travel\/bonoregalo\/ca\/producto\/bono-regal-mariluz\/#breadcrumb","itemListElement":[{"@type":"ListItem","position":1,"name":"Portada","item":"https:\/\/mallorca.mariluz.travel\/bonoregalo\/ca\/bono-regalo\/"},{"@type":"ListItem","position":2,"name":"Tienda","item":"https:\/\/mallorca.mariluz.travel\/bonoregalo\/tienda\/"},{"@type":"ListItem","position":3,"name":"Targeta Regal Mariluz"}]},{"@type":"WebSite","@id":"https:\/\/mallorca.mariluz.travel\/bonoregalo\/#website","url":"https:\/\/mallorca.mariluz.travel\/bonoregalo\/","name":"Bono Regalo Mariluz","description":"Bono regalo desde 25\u20ac - Regala experiencias en Mallorca","publisher":{"@id":"https:\/\/mallorca.mariluz.travel\/bonoregalo\/#organization"},"potentialAction":[{"@type":"SearchAction","target":{"@type":"EntryPoint","urlTemplate":"https:\/\/mallorca.mariluz.travel\/bonoregalo\/?s={search_term_string}"},"query-input":{"@type":"PropertyValueSpecification","valueRequired":true,"valueName":"search_term_string"}}],"inLanguage":"ca"},{"@type":"Organization","@id":"https:\/\/mallorca.mariluz.travel\/bonoregalo\/#organization","name":"Bono Regalo Mariluz travel","url":"https:\/\/mallorca.mariluz.travel\/bonoregalo\/","logo":{"@type":"ImageObject","inLanguage":"ca","@id":"https:\/\/mallorca.mariluz.travel\/bonoregalo\/#\/schema\/logo\/image\/","url":"https:\/\/mallorca.mariluz.travel\/bonoregalo\/wp-content\/uploads\/2025\/01\/cropped-Diseno-sin-titulo-8.png","contentUrl":"https:\/\/mallorca.mariluz.travel\/bonoregalo\/wp-content\/uploads\/2025\/01\/cropped-Diseno-sin-titulo-8.png","width":512,"height":512,"caption":"Bono Regalo Mariluz travel"},"image":{"@id":"https:\/\/mallorca.mariluz.travel\/bonoregalo\/#\/schema\/logo\/image\/"},"sameAs":["https:\/\/www.facebook.com\/mariluztravel\/?locale=es_ES","https:\/\/www.instagram.com\/mariluz.travel\/"]}]}},"jetpack_sharing_enabled":true,"_links":{"self":[{"href":"https:\/\/mallorca.mariluz.travel\/bonoregalo\/ca\/wp-json\/wp\/v2\/product\/860","targetHints":{"allow":["GET"]}}],"collection":[{"href":"https:\/\/mallorca.mariluz.travel\/bonoregalo\/ca\/wp-json\/wp\/v2\/product"}],"about":[{"href":"https:\/\/mallorca.mariluz.travel\/bonoregalo\/ca\/wp-json\/wp\/v2\/types\/product"}],"replies":[{"embeddable":true,"href":"https:\/\/mallorca.mariluz.travel\/bonoregalo\/ca\/wp-json\/wp\/v2\/comments?post=860"}],"wp:featuredmedia":[{"embeddable":true,"href":"https:\/\/mallorca.mariluz.travel\/bonoregalo\/ca\/wp-json\/wp\/v2\/media\/901"}],"wp:attachment":[{"href":"https:\/\/mallorca.mariluz.travel\/bonoregalo\/ca\/wp-json\/wp\/v2\/media?parent=860"}],"wp:term":[{"taxonomy":"product_brand","embeddable":true,"href":"https:\/\/mallorca.mariluz.travel\/bonoregalo\/ca\/wp-json\/wp\/v2\/product_brand?post=860"},{"taxonomy":"product_cat","embeddable":true,"href":"https:\/\/mallorca.mariluz.travel\/bonoregalo\/ca\/wp-json\/wp\/v2\/product_cat?post=860"},{"taxonomy":"product_tag","embeddable":true,"href":"https:\/\/mallorca.mariluz.travel\/bonoregalo\/ca\/wp-json\/wp\/v2\/product_tag?post=860"},{"taxonomy":"giftcard-category","embeddable":true,"href":"https:\/\/mallorca.mariluz.travel\/bonoregalo\/ca\/wp-json\/wp\/v2\/giftcard-category?post=860"}],"curies":[{"name":"wp","href":"https:\/\/api.w.org\/{rel}","templated":true}]}}