{"id":3,"date":"2024-09-13T12:08:40","date_gmt":"2024-09-13T10:08:40","guid":{"rendered":"https:\/\/mallorca.mariluz.travel\/wordpress\/?page_id=3"},"modified":"2025-12-09T19:39:36","modified_gmt":"2025-12-09T18:39:36","slug":"politica-privacidad","status":"publish","type":"page","link":"https:\/\/mallorca.mariluz.travel\/bonoregalo\/politica-privacidad\/","title":{"rendered":"Pol\u00edtica de privacidad"},"content":{"rendered":"\n\n\n<p>De conformidad con lo establecido en la normativa vigente en Protecci\u00f3n de Datos de Car\u00e1cter Personal, le informamos que sus datos ser\u00e1n incorporados al sistema de tratamiento titularidad de MARILUZ TRAVEL TOUR SL con CIF B57595217 y domicilio social sito en Parc Bit, Ctra. Valldemossa Km 7.4. Edificio U, Local 11 (Planta Baja) 07120 PALMA DE MALLORCA (ILLES BALEARS) con la finalidad de atender sus consultas y remitirle informaci\u00f3n relacionada que pueda ser de su inter\u00e9s. <\/p>\n\n\n\n<p>En cumplimiento con la normativa vigente, MARILUZ TRAVEL TOUR SL informa que los datos ser\u00e1n conservados durante el plazo estrictamente necesario para cumplir con los preceptos mencionados con anterioridad.Mientras no nos comunique lo contrario, entenderemos que sus datos no han sido modificados, que usted se compromete a notificarnos cualquier variaci\u00f3n y que tenemos su consentimiento para utilizarlos para las finalidades mencionadas.<\/p>\n\n\n\n<p>MARILUZ TRAVEL TOUR SL informa que proceder\u00e1 a tratar los datos de manera l\u00edcita, leal, transparente, adecuada, pertinente, limitada, exacta y actualizada. <\/p>\n\n\n\n<p>Es por ello que MARILUZ TRAVEL TOUR SL se compromete a adoptar todas las medidas razonables para que estos se supriman o rectifiquen sin dilaci\u00f3n cuando sean inexactos.De acuerdo con los derechos que le confiere el la normativa vigente en protecci\u00f3n de datos podr\u00e1 ejercer los derechos de acceso, rectificaci\u00f3n, limitaci\u00f3n de tratamiento, supresi\u00f3n, portabilidad y oposici\u00f3n al tratamiento de sus datos de car\u00e1cter personal as\u00ed como del consentimiento prestado para el tratamiento de los mismos, dirigiendo su petici\u00f3n a la direcci\u00f3n postal indicada m\u00e1s arriba o al correo electr\u00f3nico reservas@mariluztravel.es A su vez, le informamos que puede contactar con el Delegado de Protecci\u00f3n de Datos de MARILUZ TRAVEL TOUR SL, dirigi\u00e9ndose por escrito a la direcci\u00f3n de correo <a href=\"mailto:reservas@mariluztravel.es\">reservas@mariluztravel.es<\/a>.<\/p>\n\n\n\n<p>Podr\u00e1 dirigirse a la Autoridad de Control competente para presentar la reclamaci\u00f3n que considere oportuna. <\/p>\n\n\n\n<p>Con env\u00edo del formulario de recogida de datos usted acepta la pol\u00edtica de privacidad de MARILUZ TRAVEL TOUR SLAsimismo y de acuerdo con lo establecido en la Ley 34\/2002, de 11 de julio, de Servicios de la Sociedad de la Informaci\u00f3n y de Comercio Electr\u00f3nico, en su art\u00edculo 21, solicitamos tambi\u00e9n su consentimiento expreso para enviarle publicidad de nuestros productos o promociones que consideremos puedan ser de su inter\u00e9s, por correo electr\u00f3nico o por cualquier otro medio de comunicaci\u00f3n electr\u00f3nica equivalente.<\/p>\n\n\n\n<p>\u25a1 He le\u00eddo y acepto recibir publicidad o informaci\u00f3n promocional de MARILUZ TRAVEL TOUR SL<\/p>\n\n\n\n<p>\u25a1 He le\u00eddo y no acepto recibir publicidad o informaci\u00f3n promocional de MARILUZ TRAVEL TOUR SLLe informamos que podr\u00e1 revocar en cualquier momento el consentimiento prestado a la recepci\u00f3n de comunicaciones comerciales enviando un e-mail a la direcci\u00f3n de correo electr\u00f3nico: <a href=\"mailto:reservas@mariluztravel.es\">reservas@mariluztravel.es<\/a><\/p>\n","protected":false},"excerpt":{"rendered":"<p>De conformidad con lo establecido en la normativa vigente en Protecci\u00f3n de Datos de Car\u00e1cter Personal, le informamos que sus datos ser\u00e1n incorporados al sistema de tratamiento titularidad de MARILUZ TRAVEL TOUR SL con CIF B57595217 y domicilio social sito en Parc Bit, Ctra. Valldemossa Km 7.4. Edificio U, Local 11 (Planta Baja) 07120 PALMA [&hellip;]<\/p>\n","protected":false},"author":5,"featured_media":0,"parent":0,"menu_order":0,"comment_status":"closed","ping_status":"open","template":"","meta":{"_et_pb_use_builder":"","_et_pb_old_content":"","_et_gb_content_width":"","footnotes":""},"class_list":["post-3","page","type-page","status-publish","hentry"],"yoast_head":"<!-- This site is optimized with the Yoast SEO plugin v26.0 - https:\/\/yoast.com\/wordpress\/plugins\/seo\/ -->\n<title>Pol\u00edtica de privacidad - Bono Regalo Mariluz<\/title>\n<meta name=\"robots\" content=\"index, follow, max-snippet:-1, max-image-preview:large, max-video-preview:-1\" \/>\n<link rel=\"canonical\" href=\"https:\/\/mallorca.mariluz.travel\/bonoregalo\/politica-privacidad\/\" \/>\n<meta property=\"og:locale\" content=\"es_ES\" \/>\n<meta property=\"og:type\" content=\"article\" \/>\n<meta property=\"og:title\" content=\"Pol\u00edtica de privacidad - Bono Regalo Mariluz\" \/>\n<meta property=\"og:description\" content=\"De conformidad con lo establecido en la normativa vigente en Protecci\u00f3n de Datos de Car\u00e1cter Personal, le informamos que sus datos ser\u00e1n incorporados al sistema de tratamiento titularidad de MARILUZ TRAVEL TOUR SL con CIF B57595217 y domicilio social sito en Parc Bit, Ctra. Valldemossa Km 7.4. Edificio U, Local 11 (Planta Baja) 07120 PALMA [&hellip;]\" \/>\n<meta property=\"og:url\" content=\"https:\/\/mallorca.mariluz.travel\/bonoregalo\/politica-privacidad\/\" \/>\n<meta property=\"og:site_name\" content=\"Bono Regalo Mariluz\" \/>\n<meta property=\"article:publisher\" content=\"https:\/\/www.facebook.com\/mariluztravel\/?locale=es_ES\" \/>\n<meta property=\"article:modified_time\" content=\"2025-12-09T18:39:36+00:00\" \/>\n<meta property=\"og:image\" content=\"https:\/\/mallorca.mariluz.travel\/bonoregalo\/wp-content\/uploads\/2025\/01\/cropped-Diseno-sin-titulo-8.png\" \/>\n\t<meta property=\"og:image:width\" content=\"512\" \/>\n\t<meta property=\"og:image:height\" content=\"512\" \/>\n\t<meta property=\"og:image:type\" content=\"image\/png\" \/>\n<meta name=\"twitter:card\" content=\"summary_large_image\" \/>\n<meta name=\"twitter:label1\" content=\"Tiempo de lectura\" \/>\n\t<meta name=\"twitter:data1\" content=\"2 minutos\" \/>\n<script type=\"application\/ld+json\" class=\"yoast-schema-graph\">{\"@context\":\"https:\/\/schema.org\",\"@graph\":[{\"@type\":\"WebPage\",\"@id\":\"https:\/\/mallorca.mariluz.travel\/bonoregalo\/politica-privacidad\/\",\"url\":\"https:\/\/mallorca.mariluz.travel\/bonoregalo\/politica-privacidad\/\",\"name\":\"Pol\u00edtica de privacidad - Bono Regalo Mariluz\",\"isPartOf\":{\"@id\":\"https:\/\/mallorca.mariluz.travel\/bonoregalo\/#website\"},\"datePublished\":\"2024-09-13T10:08:40+00:00\",\"dateModified\":\"2025-12-09T18:39:36+00:00\",\"breadcrumb\":{\"@id\":\"https:\/\/mallorca.mariluz.travel\/bonoregalo\/politica-privacidad\/#breadcrumb\"},\"inLanguage\":\"es\",\"potentialAction\":[{\"@type\":\"ReadAction\",\"target\":[\"https:\/\/mallorca.mariluz.travel\/bonoregalo\/politica-privacidad\/\"]}]},{\"@type\":\"BreadcrumbList\",\"@id\":\"https:\/\/mallorca.mariluz.travel\/bonoregalo\/politica-privacidad\/#breadcrumb\",\"itemListElement\":[{\"@type\":\"ListItem\",\"position\":1,\"name\":\"Portada\",\"item\":\"https:\/\/mallorca.mariluz.travel\/bonoregalo\/\"},{\"@type\":\"ListItem\",\"position\":2,\"name\":\"Pol\u00edtica de privacidad\"}]},{\"@type\":\"WebSite\",\"@id\":\"https:\/\/mallorca.mariluz.travel\/bonoregalo\/#website\",\"url\":\"https:\/\/mallorca.mariluz.travel\/bonoregalo\/\",\"name\":\"Bono Regalo Mariluz\",\"description\":\"Bono regalo desde 25\u20ac - Regala experiencias en Mallorca\",\"publisher\":{\"@id\":\"https:\/\/mallorca.mariluz.travel\/bonoregalo\/#organization\"},\"potentialAction\":[{\"@type\":\"SearchAction\",\"target\":{\"@type\":\"EntryPoint\",\"urlTemplate\":\"https:\/\/mallorca.mariluz.travel\/bonoregalo\/?s={search_term_string}\"},\"query-input\":{\"@type\":\"PropertyValueSpecification\",\"valueRequired\":true,\"valueName\":\"search_term_string\"}}],\"inLanguage\":\"es\"},{\"@type\":\"Organization\",\"@id\":\"https:\/\/mallorca.mariluz.travel\/bonoregalo\/#organization\",\"name\":\"Bono Regalo Mariluz travel\",\"url\":\"https:\/\/mallorca.mariluz.travel\/bonoregalo\/\",\"logo\":{\"@type\":\"ImageObject\",\"inLanguage\":\"es\",\"@id\":\"https:\/\/mallorca.mariluz.travel\/bonoregalo\/#\/schema\/logo\/image\/\",\"url\":\"https:\/\/mallorca.mariluz.travel\/bonoregalo\/wp-content\/uploads\/2025\/01\/cropped-Diseno-sin-titulo-8.png\",\"contentUrl\":\"https:\/\/mallorca.mariluz.travel\/bonoregalo\/wp-content\/uploads\/2025\/01\/cropped-Diseno-sin-titulo-8.png\",\"width\":512,\"height\":512,\"caption\":\"Bono Regalo Mariluz travel\"},\"image\":{\"@id\":\"https:\/\/mallorca.mariluz.travel\/bonoregalo\/#\/schema\/logo\/image\/\"},\"sameAs\":[\"https:\/\/www.facebook.com\/mariluztravel\/?locale=es_ES\",\"https:\/\/www.instagram.com\/mariluz.travel\/\"]}]}<\/script>\n<!-- \/ Yoast SEO plugin. -->","yoast_head_json":{"title":"Pol\u00edtica de privacidad - Bono Regalo Mariluz","robots":{"index":"index","follow":"follow","max-snippet":"max-snippet:-1","max-image-preview":"max-image-preview:large","max-video-preview":"max-video-preview:-1"},"canonical":"https:\/\/mallorca.mariluz.travel\/bonoregalo\/politica-privacidad\/","og_locale":"es_ES","og_type":"article","og_title":"Pol\u00edtica de privacidad - Bono Regalo Mariluz","og_description":"De conformidad con lo establecido en la normativa vigente en Protecci\u00f3n de Datos de Car\u00e1cter Personal, le informamos que sus datos ser\u00e1n incorporados al sistema de tratamiento titularidad de MARILUZ TRAVEL TOUR SL con CIF B57595217 y domicilio social sito en Parc Bit, Ctra. Valldemossa Km 7.4. Edificio U, Local 11 (Planta Baja) 07120 PALMA [&hellip;]","og_url":"https:\/\/mallorca.mariluz.travel\/bonoregalo\/politica-privacidad\/","og_site_name":"Bono Regalo Mariluz","article_publisher":"https:\/\/www.facebook.com\/mariluztravel\/?locale=es_ES","article_modified_time":"2025-12-09T18:39:36+00:00","og_image":[{"width":512,"height":512,"url":"https:\/\/mallorca.mariluz.travel\/bonoregalo\/wp-content\/uploads\/2025\/01\/cropped-Diseno-sin-titulo-8.png","type":"image\/png"}],"twitter_card":"summary_large_image","twitter_misc":{"Tiempo de lectura":"2 minutos"},"schema":{"@context":"https:\/\/schema.org","@graph":[{"@type":"WebPage","@id":"https:\/\/mallorca.mariluz.travel\/bonoregalo\/politica-privacidad\/","url":"https:\/\/mallorca.mariluz.travel\/bonoregalo\/politica-privacidad\/","name":"Pol\u00edtica de privacidad - Bono Regalo Mariluz","isPartOf":{"@id":"https:\/\/mallorca.mariluz.travel\/bonoregalo\/#website"},"datePublished":"2024-09-13T10:08:40+00:00","dateModified":"2025-12-09T18:39:36+00:00","breadcrumb":{"@id":"https:\/\/mallorca.mariluz.travel\/bonoregalo\/politica-privacidad\/#breadcrumb"},"inLanguage":"es","potentialAction":[{"@type":"ReadAction","target":["https:\/\/mallorca.mariluz.travel\/bonoregalo\/politica-privacidad\/"]}]},{"@type":"BreadcrumbList","@id":"https:\/\/mallorca.mariluz.travel\/bonoregalo\/politica-privacidad\/#breadcrumb","itemListElement":[{"@type":"ListItem","position":1,"name":"Portada","item":"https:\/\/mallorca.mariluz.travel\/bonoregalo\/"},{"@type":"ListItem","position":2,"name":"Pol\u00edtica de privacidad"}]},{"@type":"WebSite","@id":"https:\/\/mallorca.mariluz.travel\/bonoregalo\/#website","url":"https:\/\/mallorca.mariluz.travel\/bonoregalo\/","name":"Bono Regalo Mariluz","description":"Bono regalo desde 25\u20ac - Regala experiencias en Mallorca","publisher":{"@id":"https:\/\/mallorca.mariluz.travel\/bonoregalo\/#organization"},"potentialAction":[{"@type":"SearchAction","target":{"@type":"EntryPoint","urlTemplate":"https:\/\/mallorca.mariluz.travel\/bonoregalo\/?s={search_term_string}"},"query-input":{"@type":"PropertyValueSpecification","valueRequired":true,"valueName":"search_term_string"}}],"inLanguage":"es"},{"@type":"Organization","@id":"https:\/\/mallorca.mariluz.travel\/bonoregalo\/#organization","name":"Bono Regalo Mariluz travel","url":"https:\/\/mallorca.mariluz.travel\/bonoregalo\/","logo":{"@type":"ImageObject","inLanguage":"es","@id":"https:\/\/mallorca.mariluz.travel\/bonoregalo\/#\/schema\/logo\/image\/","url":"https:\/\/mallorca.mariluz.travel\/bonoregalo\/wp-content\/uploads\/2025\/01\/cropped-Diseno-sin-titulo-8.png","contentUrl":"https:\/\/mallorca.mariluz.travel\/bonoregalo\/wp-content\/uploads\/2025\/01\/cropped-Diseno-sin-titulo-8.png","width":512,"height":512,"caption":"Bono Regalo Mariluz travel"},"image":{"@id":"https:\/\/mallorca.mariluz.travel\/bonoregalo\/#\/schema\/logo\/image\/"},"sameAs":["https:\/\/www.facebook.com\/mariluztravel\/?locale=es_ES","https:\/\/www.instagram.com\/mariluz.travel\/"]}]}},"jetpack_sharing_enabled":true,"_links":{"self":[{"href":"https:\/\/mallorca.mariluz.travel\/bonoregalo\/wp-json\/wp\/v2\/pages\/3","targetHints":{"allow":["GET"]}}],"collection":[{"href":"https:\/\/mallorca.mariluz.travel\/bonoregalo\/wp-json\/wp\/v2\/pages"}],"about":[{"href":"https:\/\/mallorca.mariluz.travel\/bonoregalo\/wp-json\/wp\/v2\/types\/page"}],"author":[{"embeddable":true,"href":"https:\/\/mallorca.mariluz.travel\/bonoregalo\/wp-json\/wp\/v2\/users\/5"}],"replies":[{"embeddable":true,"href":"https:\/\/mallorca.mariluz.travel\/bonoregalo\/wp-json\/wp\/v2\/comments?post=3"}],"version-history":[{"count":1,"href":"https:\/\/mallorca.mariluz.travel\/bonoregalo\/wp-json\/wp\/v2\/pages\/3\/revisions"}],"predecessor-version":[{"id":1122,"href":"https:\/\/mallorca.mariluz.travel\/bonoregalo\/wp-json\/wp\/v2\/pages\/3\/revisions\/1122"}],"wp:attachment":[{"href":"https:\/\/mallorca.mariluz.travel\/bonoregalo\/wp-json\/wp\/v2\/media?parent=3"}],"curies":[{"name":"wp","href":"https:\/\/api.w.org\/{rel}","templated":true}]}}