{"id":1283,"date":"2026-01-02T12:16:10","date_gmt":"2026-01-02T11:16:10","guid":{"rendered":"https:\/\/mallorca.mariluz.travel\/bonoregalo\/?post_type=product&#038;p=1283"},"modified":"2026-01-06T12:57:35","modified_gmt":"2026-01-06T11:57:35","slug":"desayuno-spa-valparaiso","status":"publish","type":"product","link":"https:\/\/mallorca.mariluz.travel\/bonoregalo\/producto\/desayuno-spa-valparaiso\/","title":{"rendered":"Desayuno &#038; Spa \u2013 Hotel Valpara\u00edso 5*"},"content":{"rendered":"<p data-start=\"222\" data-end=\"450\"><strong data-start=\"222\" data-end=\"313\">Descubre la exclusividad de una experiencia de lujo en el Hotel Valpara\u00edso 5 estrellas.<\/strong><br data-start=\"313\" data-end=\"316\" \/>Reg\u00e1late un d\u00eda de desconexi\u00f3n total y d\u00e9jate llevar por una propuesta \u00fanica de bienestar, relax y confort en un entorno incomparable.<\/p>\n<p data-start=\"452\" data-end=\"659\">Comienza la jornada con un delicioso desayuno y, despu\u00e9s, disfruta de <strong data-start=\"522\" data-end=\"559\">2 horas de acceso completo al spa<\/strong>, un aut\u00e9ntico oasis pensado para que te relajes, recargues energ\u00eda y te dediques tiempo de calidad.<\/p>\n<p data-start=\"661\" data-end=\"732\"><strong data-start=\"661\" data-end=\"732\">Reserva ahora y vive una experiencia inolvidable en Valpara\u00edso 5*.<\/strong><\/p>\n<hr data-start=\"734\" data-end=\"737\" \/>\n<h3 data-start=\"739\" data-end=\"785\">Acceso completo al Spa (2 horas), incluye:<\/h3>\n<ul data-start=\"787\" data-end=\"1118\">\n<li data-start=\"787\" data-end=\"842\">\n<p data-start=\"789\" data-end=\"842\">Piscina climatizada interior con acceso al exterior<\/p>\n<\/li>\n<li data-start=\"843\" data-end=\"854\">\n<p data-start=\"845\" data-end=\"854\">Jacuzzi<\/p>\n<\/li>\n<li data-start=\"855\" data-end=\"875\">\n<p data-start=\"857\" data-end=\"875\">Sauna finlandesa<\/p>\n<\/li>\n<li data-start=\"876\" data-end=\"906\">\n<p data-start=\"878\" data-end=\"906\">Sauna de inhalaci\u00f3n salina<\/p>\n<\/li>\n<li data-start=\"907\" data-end=\"921\">\n<p data-start=\"909\" data-end=\"921\">Ba\u00f1o turco<\/p>\n<\/li>\n<li data-start=\"922\" data-end=\"961\">\n<p data-start=\"924\" data-end=\"961\">Sauna herbal con eucalipto y romero<\/p>\n<\/li>\n<li data-start=\"962\" data-end=\"981\">\n<p data-start=\"964\" data-end=\"981\">Jacuzzi de pies<\/p>\n<\/li>\n<li data-start=\"982\" data-end=\"1000\">\n<p data-start=\"984\" data-end=\"1000\">Pasillo Kneipp<\/p>\n<\/li>\n<li data-start=\"1001\" data-end=\"1020\">\n<p data-start=\"1003\" data-end=\"1020\">Fuente de hielo<\/p>\n<\/li>\n<li data-start=\"1021\" data-end=\"1041\">\n<p data-start=\"1023\" data-end=\"1041\">Duchas de aromas<\/p>\n<\/li>\n<li data-start=\"1042\" data-end=\"1068\">\n<p data-start=\"1044\" data-end=\"1068\">Camas de agua caliente<\/p>\n<\/li>\n<li data-start=\"1069\" data-end=\"1094\">\n<p data-start=\"1071\" data-end=\"1094\">Butacas de meditaci\u00f3n<\/p>\n<\/li>\n<li data-start=\"1095\" data-end=\"1118\">\n<p data-start=\"1097\" data-end=\"1118\">Jets de hidromasaje<\/p>\n<\/li>\n<\/ul>\n<hr data-start=\"1120\" data-end=\"1123\" \/>\n<h3 data-start=\"1125\" data-end=\"1160\">Adem\u00e1s, la experiencia incluye:<\/h3>\n<ul data-start=\"1162\" data-end=\"1235\">\n<li data-start=\"1162\" data-end=\"1181\">\n<p data-start=\"1164\" data-end=\"1181\">Uso de albornoz<\/p>\n<\/li>\n<li data-start=\"1182\" data-end=\"1193\">\n<p data-start=\"1184\" data-end=\"1193\">Toallas<\/p>\n<\/li>\n<li data-start=\"1194\" data-end=\"1206\">\n<p data-start=\"1196\" data-end=\"1206\">Taquilla<\/p>\n<\/li>\n<li data-start=\"1207\" data-end=\"1235\">\n<p data-start=\"1209\" data-end=\"1235\">1 botella de agua (500 ml)<\/p>\n<\/li>\n<\/ul>\n","protected":false},"excerpt":{"rendered":"<p>Disfruta de un delicioso desayuno y, despu\u00e9s reg\u00e1late <strong data-start=\"522\" data-end=\"559\">2 horas de acceso completo al spa<\/strong>, un aut\u00e9ntico oasis pensado para que te relajes, recargues energ\u00eda y te dediques tiempo de calidad.<\/p>\n<p>Regala una ma\u00f1ana de relax individual (60\u20ac)<br \/>\nIdeal para parejas (120\u20ac)<\/p>\n","protected":false},"featured_media":1292,"comment_status":"open","ping_status":"closed","template":"","meta":{"_et_pb_use_builder":"on","_et_pb_old_content":"<p data-start=\"222\" data-end=\"450\"><strong data-start=\"222\" data-end=\"313\">Descubre la exclusividad de una experiencia de lujo en el Hotel Valpara\u00edso 5 estrellas.<\/strong><br data-start=\"313\" data-end=\"316\" \/>Reg\u00e1late un d\u00eda de desconexi\u00f3n total y d\u00e9jate llevar por una propuesta \u00fanica de bienestar, relax y confort en un entorno incomparable.<\/p>\r\n<p data-start=\"452\" data-end=\"659\">Comienza la jornada con un delicioso desayuno y, despu\u00e9s, disfruta de <strong data-start=\"522\" data-end=\"559\">2 horas de acceso completo al spa<\/strong>, un aut\u00e9ntico oasis pensado para que te relajes, recargues energ\u00eda y te dediques tiempo de calidad.<\/p>\r\n<p data-start=\"661\" data-end=\"732\"><strong data-start=\"661\" data-end=\"732\">Reserva ahora y vive una experiencia inolvidable en Valpara\u00edso 5*.<\/strong><\/p>\r\n\r\n\r\n<hr data-start=\"734\" data-end=\"737\" \/>\r\n\r\n<h3 data-start=\"739\" data-end=\"785\">Acceso completo al Spa (2 horas), incluye:<\/h3>\r\n<ul data-start=\"787\" data-end=\"1118\">\r\n \t<li data-start=\"787\" data-end=\"842\">\r\n<p data-start=\"789\" data-end=\"842\">Piscina climatizada interior con acceso al exterior<\/p>\r\n<\/li>\r\n \t<li data-start=\"843\" data-end=\"854\">\r\n<p data-start=\"845\" data-end=\"854\">Jacuzzi<\/p>\r\n<\/li>\r\n \t<li data-start=\"855\" data-end=\"875\">\r\n<p data-start=\"857\" data-end=\"875\">Sauna finlandesa<\/p>\r\n<\/li>\r\n \t<li data-start=\"876\" data-end=\"906\">\r\n<p data-start=\"878\" data-end=\"906\">Sauna de inhalaci\u00f3n salina<\/p>\r\n<\/li>\r\n \t<li data-start=\"907\" data-end=\"921\">\r\n<p data-start=\"909\" data-end=\"921\">Ba\u00f1o turco<\/p>\r\n<\/li>\r\n \t<li data-start=\"922\" data-end=\"961\">\r\n<p data-start=\"924\" data-end=\"961\">Sauna herbal con eucalipto y romero<\/p>\r\n<\/li>\r\n \t<li data-start=\"962\" data-end=\"981\">\r\n<p data-start=\"964\" data-end=\"981\">Jacuzzi de pies<\/p>\r\n<\/li>\r\n \t<li data-start=\"982\" data-end=\"1000\">\r\n<p data-start=\"984\" data-end=\"1000\">Pasillo Kneipp<\/p>\r\n<\/li>\r\n \t<li data-start=\"1001\" data-end=\"1020\">\r\n<p data-start=\"1003\" data-end=\"1020\">Fuente de hielo<\/p>\r\n<\/li>\r\n \t<li data-start=\"1021\" data-end=\"1041\">\r\n<p data-start=\"1023\" data-end=\"1041\">Duchas de aromas<\/p>\r\n<\/li>\r\n \t<li data-start=\"1042\" data-end=\"1068\">\r\n<p data-start=\"1044\" data-end=\"1068\">Camas de agua caliente<\/p>\r\n<\/li>\r\n \t<li data-start=\"1069\" data-end=\"1094\">\r\n<p data-start=\"1071\" data-end=\"1094\">Butacas de meditaci\u00f3n<\/p>\r\n<\/li>\r\n \t<li data-start=\"1095\" data-end=\"1118\">\r\n<p data-start=\"1097\" data-end=\"1118\">Jets de hidromasaje<\/p>\r\n<\/li>\r\n<\/ul>\r\n\r\n<hr data-start=\"1120\" data-end=\"1123\" \/>\r\n\r\n<h3 data-start=\"1125\" data-end=\"1160\">Adem\u00e1s, la experiencia incluye:<\/h3>\r\n<ul data-start=\"1162\" data-end=\"1235\">\r\n \t<li data-start=\"1162\" data-end=\"1181\">\r\n<p data-start=\"1164\" data-end=\"1181\">Uso de albornoz<\/p>\r\n<\/li>\r\n \t<li data-start=\"1182\" data-end=\"1193\">\r\n<p data-start=\"1184\" data-end=\"1193\">Toallas<\/p>\r\n<\/li>\r\n \t<li data-start=\"1194\" data-end=\"1206\">\r\n<p data-start=\"1196\" data-end=\"1206\">Taquilla<\/p>\r\n<\/li>\r\n \t<li data-start=\"1207\" data-end=\"1235\">\r\n<p data-start=\"1209\" data-end=\"1235\">1 botella de agua (500 ml)<\/p>\r\n<\/li>\r\n<\/ul>","_et_gb_content_width":""},"product_brand":[],"product_cat":[21],"product_tag":[],"giftcard-category":[32,31,46],"class_list":{"0":"post-1283","1":"product","2":"type-product","3":"status-publish","4":"has-post-thumbnail","6":"product_cat-sin-categorizar","7":"giftcard-category-dia-de-la-madre","8":"giftcard-category-cumpleanos","9":"giftcard-category-parejas","11":"first","12":"instock","13":"featured","14":"virtual","15":"purchasable","16":"product-type-gift-card"},"yoast_head":"<!-- This site is optimized with the Yoast SEO plugin v26.0 - https:\/\/yoast.com\/wordpress\/plugins\/seo\/ -->\n<title>Desayuno &amp; Spa \u2013 Hotel Valpara\u00edso 5* - Bono Regalo Mariluz<\/title>\n<meta name=\"robots\" content=\"index, follow, max-snippet:-1, max-image-preview:large, max-video-preview:-1\" \/>\n<link rel=\"canonical\" href=\"https:\/\/mallorca.mariluz.travel\/bonoregalo\/producto\/desayuno-spa-valparaiso\/\" \/>\n<meta property=\"og:locale\" content=\"es_ES\" \/>\n<meta property=\"og:type\" content=\"article\" \/>\n<meta property=\"og:title\" content=\"Desayuno &amp; Spa \u2013 Hotel Valpara\u00edso 5* - Bono Regalo Mariluz\" \/>\n<meta property=\"og:description\" content=\"Disfruta de un delicioso desayuno y, despu\u00e9s reg\u00e1late 2 horas de acceso completo al spa, un aut\u00e9ntico oasis pensado para que te relajes, recargues energ\u00eda y te dediques tiempo de calidad.  Regala una ma\u00f1ana de relax individual (60\u20ac) Ideal para parejas (120\u20ac)\" \/>\n<meta property=\"og:url\" content=\"https:\/\/mallorca.mariluz.travel\/bonoregalo\/producto\/desayuno-spa-valparaiso\/\" \/>\n<meta property=\"og:site_name\" content=\"Bono Regalo Mariluz\" \/>\n<meta property=\"article:publisher\" content=\"https:\/\/www.facebook.com\/mariluztravel\/?locale=es_ES\" \/>\n<meta property=\"article:modified_time\" content=\"2026-01-06T11:57:35+00:00\" \/>\n<meta property=\"og:image\" content=\"https:\/\/mallorca.mariluz.travel\/bonoregalo\/wp-content\/uploads\/2026\/01\/valparaiso-spa2.jpg\" \/>\n\t<meta property=\"og:image:width\" content=\"1024\" \/>\n\t<meta property=\"og:image:height\" content=\"683\" \/>\n\t<meta property=\"og:image:type\" content=\"image\/jpeg\" \/>\n<meta name=\"twitter:card\" content=\"summary_large_image\" \/>\n<meta name=\"twitter:label1\" content=\"Tiempo de lectura\" \/>\n\t<meta name=\"twitter:data1\" content=\"1 minuto\" \/>\n<script type=\"application\/ld+json\" class=\"yoast-schema-graph\">{\"@context\":\"https:\/\/schema.org\",\"@graph\":[{\"@type\":\"WebPage\",\"@id\":\"https:\/\/mallorca.mariluz.travel\/bonoregalo\/producto\/desayuno-spa-valparaiso\/\",\"url\":\"https:\/\/mallorca.mariluz.travel\/bonoregalo\/producto\/desayuno-spa-valparaiso\/\",\"name\":\"Desayuno & Spa \u2013 Hotel Valpara\u00edso 5* - Bono Regalo Mariluz\",\"isPartOf\":{\"@id\":\"https:\/\/mallorca.mariluz.travel\/bonoregalo\/#website\"},\"primaryImageOfPage\":{\"@id\":\"https:\/\/mallorca.mariluz.travel\/bonoregalo\/producto\/desayuno-spa-valparaiso\/#primaryimage\"},\"image\":{\"@id\":\"https:\/\/mallorca.mariluz.travel\/bonoregalo\/producto\/desayuno-spa-valparaiso\/#primaryimage\"},\"thumbnailUrl\":\"https:\/\/mallorca.mariluz.travel\/bonoregalo\/wp-content\/uploads\/2026\/01\/valparaiso-spa2.jpg\",\"datePublished\":\"2026-01-02T11:16:10+00:00\",\"dateModified\":\"2026-01-06T11:57:35+00:00\",\"breadcrumb\":{\"@id\":\"https:\/\/mallorca.mariluz.travel\/bonoregalo\/producto\/desayuno-spa-valparaiso\/#breadcrumb\"},\"inLanguage\":\"es\",\"potentialAction\":[{\"@type\":\"ReadAction\",\"target\":[\"https:\/\/mallorca.mariluz.travel\/bonoregalo\/producto\/desayuno-spa-valparaiso\/\"]}]},{\"@type\":\"ImageObject\",\"inLanguage\":\"es\",\"@id\":\"https:\/\/mallorca.mariluz.travel\/bonoregalo\/producto\/desayuno-spa-valparaiso\/#primaryimage\",\"url\":\"https:\/\/mallorca.mariluz.travel\/bonoregalo\/wp-content\/uploads\/2026\/01\/valparaiso-spa2.jpg\",\"contentUrl\":\"https:\/\/mallorca.mariluz.travel\/bonoregalo\/wp-content\/uploads\/2026\/01\/valparaiso-spa2.jpg\",\"width\":1024,\"height\":683},{\"@type\":\"BreadcrumbList\",\"@id\":\"https:\/\/mallorca.mariluz.travel\/bonoregalo\/producto\/desayuno-spa-valparaiso\/#breadcrumb\",\"itemListElement\":[{\"@type\":\"ListItem\",\"position\":1,\"name\":\"Portada\",\"item\":\"https:\/\/mallorca.mariluz.travel\/bonoregalo\/\"},{\"@type\":\"ListItem\",\"position\":2,\"name\":\"Tienda\",\"item\":\"https:\/\/mallorca.mariluz.travel\/bonoregalo\/tienda\/\"},{\"@type\":\"ListItem\",\"position\":3,\"name\":\"Desayuno &#038; Spa \u2013 Hotel Valpara\u00edso 5*\"}]},{\"@type\":\"WebSite\",\"@id\":\"https:\/\/mallorca.mariluz.travel\/bonoregalo\/#website\",\"url\":\"https:\/\/mallorca.mariluz.travel\/bonoregalo\/\",\"name\":\"Bono Regalo Mariluz\",\"description\":\"Bono regalo desde 25\u20ac - Regala experiencias en Mallorca\",\"publisher\":{\"@id\":\"https:\/\/mallorca.mariluz.travel\/bonoregalo\/#organization\"},\"potentialAction\":[{\"@type\":\"SearchAction\",\"target\":{\"@type\":\"EntryPoint\",\"urlTemplate\":\"https:\/\/mallorca.mariluz.travel\/bonoregalo\/?s={search_term_string}\"},\"query-input\":{\"@type\":\"PropertyValueSpecification\",\"valueRequired\":true,\"valueName\":\"search_term_string\"}}],\"inLanguage\":\"es\"},{\"@type\":\"Organization\",\"@id\":\"https:\/\/mallorca.mariluz.travel\/bonoregalo\/#organization\",\"name\":\"Bono Regalo Mariluz travel\",\"url\":\"https:\/\/mallorca.mariluz.travel\/bonoregalo\/\",\"logo\":{\"@type\":\"ImageObject\",\"inLanguage\":\"es\",\"@id\":\"https:\/\/mallorca.mariluz.travel\/bonoregalo\/#\/schema\/logo\/image\/\",\"url\":\"https:\/\/mallorca.mariluz.travel\/bonoregalo\/wp-content\/uploads\/2025\/01\/cropped-Diseno-sin-titulo-8.png\",\"contentUrl\":\"https:\/\/mallorca.mariluz.travel\/bonoregalo\/wp-content\/uploads\/2025\/01\/cropped-Diseno-sin-titulo-8.png\",\"width\":512,\"height\":512,\"caption\":\"Bono Regalo Mariluz travel\"},\"image\":{\"@id\":\"https:\/\/mallorca.mariluz.travel\/bonoregalo\/#\/schema\/logo\/image\/\"},\"sameAs\":[\"https:\/\/www.facebook.com\/mariluztravel\/?locale=es_ES\",\"https:\/\/www.instagram.com\/mariluz.travel\/\"]}]}<\/script>\n<!-- \/ Yoast SEO plugin. -->","yoast_head_json":{"title":"Desayuno & Spa \u2013 Hotel Valpara\u00edso 5* - Bono Regalo Mariluz","robots":{"index":"index","follow":"follow","max-snippet":"max-snippet:-1","max-image-preview":"max-image-preview:large","max-video-preview":"max-video-preview:-1"},"canonical":"https:\/\/mallorca.mariluz.travel\/bonoregalo\/producto\/desayuno-spa-valparaiso\/","og_locale":"es_ES","og_type":"article","og_title":"Desayuno & Spa \u2013 Hotel Valpara\u00edso 5* - Bono Regalo Mariluz","og_description":"Disfruta de un delicioso desayuno y, despu\u00e9s reg\u00e1late 2 horas de acceso completo al spa, un aut\u00e9ntico oasis pensado para que te relajes, recargues energ\u00eda y te dediques tiempo de calidad.  Regala una ma\u00f1ana de relax individual (60\u20ac) Ideal para parejas (120\u20ac)","og_url":"https:\/\/mallorca.mariluz.travel\/bonoregalo\/producto\/desayuno-spa-valparaiso\/","og_site_name":"Bono Regalo Mariluz","article_publisher":"https:\/\/www.facebook.com\/mariluztravel\/?locale=es_ES","article_modified_time":"2026-01-06T11:57:35+00:00","og_image":[{"width":1024,"height":683,"url":"https:\/\/mallorca.mariluz.travel\/bonoregalo\/wp-content\/uploads\/2026\/01\/valparaiso-spa2.jpg","type":"image\/jpeg"}],"twitter_card":"summary_large_image","twitter_misc":{"Tiempo de lectura":"1 minuto"},"schema":{"@context":"https:\/\/schema.org","@graph":[{"@type":"WebPage","@id":"https:\/\/mallorca.mariluz.travel\/bonoregalo\/producto\/desayuno-spa-valparaiso\/","url":"https:\/\/mallorca.mariluz.travel\/bonoregalo\/producto\/desayuno-spa-valparaiso\/","name":"Desayuno & Spa \u2013 Hotel Valpara\u00edso 5* - Bono Regalo Mariluz","isPartOf":{"@id":"https:\/\/mallorca.mariluz.travel\/bonoregalo\/#website"},"primaryImageOfPage":{"@id":"https:\/\/mallorca.mariluz.travel\/bonoregalo\/producto\/desayuno-spa-valparaiso\/#primaryimage"},"image":{"@id":"https:\/\/mallorca.mariluz.travel\/bonoregalo\/producto\/desayuno-spa-valparaiso\/#primaryimage"},"thumbnailUrl":"https:\/\/mallorca.mariluz.travel\/bonoregalo\/wp-content\/uploads\/2026\/01\/valparaiso-spa2.jpg","datePublished":"2026-01-02T11:16:10+00:00","dateModified":"2026-01-06T11:57:35+00:00","breadcrumb":{"@id":"https:\/\/mallorca.mariluz.travel\/bonoregalo\/producto\/desayuno-spa-valparaiso\/#breadcrumb"},"inLanguage":"es","potentialAction":[{"@type":"ReadAction","target":["https:\/\/mallorca.mariluz.travel\/bonoregalo\/producto\/desayuno-spa-valparaiso\/"]}]},{"@type":"ImageObject","inLanguage":"es","@id":"https:\/\/mallorca.mariluz.travel\/bonoregalo\/producto\/desayuno-spa-valparaiso\/#primaryimage","url":"https:\/\/mallorca.mariluz.travel\/bonoregalo\/wp-content\/uploads\/2026\/01\/valparaiso-spa2.jpg","contentUrl":"https:\/\/mallorca.mariluz.travel\/bonoregalo\/wp-content\/uploads\/2026\/01\/valparaiso-spa2.jpg","width":1024,"height":683},{"@type":"BreadcrumbList","@id":"https:\/\/mallorca.mariluz.travel\/bonoregalo\/producto\/desayuno-spa-valparaiso\/#breadcrumb","itemListElement":[{"@type":"ListItem","position":1,"name":"Portada","item":"https:\/\/mallorca.mariluz.travel\/bonoregalo\/"},{"@type":"ListItem","position":2,"name":"Tienda","item":"https:\/\/mallorca.mariluz.travel\/bonoregalo\/tienda\/"},{"@type":"ListItem","position":3,"name":"Desayuno &#038; Spa \u2013 Hotel Valpara\u00edso 5*"}]},{"@type":"WebSite","@id":"https:\/\/mallorca.mariluz.travel\/bonoregalo\/#website","url":"https:\/\/mallorca.mariluz.travel\/bonoregalo\/","name":"Bono Regalo Mariluz","description":"Bono regalo desde 25\u20ac - Regala experiencias en Mallorca","publisher":{"@id":"https:\/\/mallorca.mariluz.travel\/bonoregalo\/#organization"},"potentialAction":[{"@type":"SearchAction","target":{"@type":"EntryPoint","urlTemplate":"https:\/\/mallorca.mariluz.travel\/bonoregalo\/?s={search_term_string}"},"query-input":{"@type":"PropertyValueSpecification","valueRequired":true,"valueName":"search_term_string"}}],"inLanguage":"es"},{"@type":"Organization","@id":"https:\/\/mallorca.mariluz.travel\/bonoregalo\/#organization","name":"Bono Regalo Mariluz travel","url":"https:\/\/mallorca.mariluz.travel\/bonoregalo\/","logo":{"@type":"ImageObject","inLanguage":"es","@id":"https:\/\/mallorca.mariluz.travel\/bonoregalo\/#\/schema\/logo\/image\/","url":"https:\/\/mallorca.mariluz.travel\/bonoregalo\/wp-content\/uploads\/2025\/01\/cropped-Diseno-sin-titulo-8.png","contentUrl":"https:\/\/mallorca.mariluz.travel\/bonoregalo\/wp-content\/uploads\/2025\/01\/cropped-Diseno-sin-titulo-8.png","width":512,"height":512,"caption":"Bono Regalo Mariluz travel"},"image":{"@id":"https:\/\/mallorca.mariluz.travel\/bonoregalo\/#\/schema\/logo\/image\/"},"sameAs":["https:\/\/www.facebook.com\/mariluztravel\/?locale=es_ES","https:\/\/www.instagram.com\/mariluz.travel\/"]}]}},"jetpack_sharing_enabled":true,"_links":{"self":[{"href":"https:\/\/mallorca.mariluz.travel\/bonoregalo\/wp-json\/wp\/v2\/product\/1283","targetHints":{"allow":["GET"]}}],"collection":[{"href":"https:\/\/mallorca.mariluz.travel\/bonoregalo\/wp-json\/wp\/v2\/product"}],"about":[{"href":"https:\/\/mallorca.mariluz.travel\/bonoregalo\/wp-json\/wp\/v2\/types\/product"}],"replies":[{"embeddable":true,"href":"https:\/\/mallorca.mariluz.travel\/bonoregalo\/wp-json\/wp\/v2\/comments?post=1283"}],"wp:featuredmedia":[{"embeddable":true,"href":"https:\/\/mallorca.mariluz.travel\/bonoregalo\/wp-json\/wp\/v2\/media\/1292"}],"wp:attachment":[{"href":"https:\/\/mallorca.mariluz.travel\/bonoregalo\/wp-json\/wp\/v2\/media?parent=1283"}],"wp:term":[{"taxonomy":"product_brand","embeddable":true,"href":"https:\/\/mallorca.mariluz.travel\/bonoregalo\/wp-json\/wp\/v2\/product_brand?post=1283"},{"taxonomy":"product_cat","embeddable":true,"href":"https:\/\/mallorca.mariluz.travel\/bonoregalo\/wp-json\/wp\/v2\/product_cat?post=1283"},{"taxonomy":"product_tag","embeddable":true,"href":"https:\/\/mallorca.mariluz.travel\/bonoregalo\/wp-json\/wp\/v2\/product_tag?post=1283"},{"taxonomy":"giftcard-category","embeddable":true,"href":"https:\/\/mallorca.mariluz.travel\/bonoregalo\/wp-json\/wp\/v2\/giftcard-category?post=1283"}],"curies":[{"name":"wp","href":"https:\/\/api.w.org\/{rel}","templated":true}]}}