{"id":1323,"date":"2026-01-06T13:28:16","date_gmt":"2026-01-06T12:28:16","guid":{"rendered":"https:\/\/mallorca.mariluz.travel\/bonoregalo\/?post_type=product&#038;p=1323"},"modified":"2026-01-30T17:41:41","modified_gmt":"2026-01-30T16:41:41","slug":"desayuno-gourmet-hotel-valparaiso","status":"publish","type":"product","link":"https:\/\/mallorca.mariluz.travel\/bonoregalo\/producto\/desayuno-gourmet-hotel-valparaiso\/","title":{"rendered":"Desayuno Gourmet \u2013 Hotel Valpara\u00edso 5*"},"content":{"rendered":"<p data-start=\"637\" data-end=\"819\">Empieza el d\u00eda con una experiencia gastron\u00f3mica \u00fanica en Mallorca: el <strong data-start=\"707\" data-end=\"727\">Desayuno Gourmet<\/strong> del <strong data-start=\"732\" data-end=\"770\">GPRO Valpara\u00edso Palace Hotel &amp; Spa<\/strong>, servido en el elegante <strong data-start=\"795\" data-end=\"818\">Restaurante Para\u00edso<\/strong>.<\/p>\n<p data-start=\"821\" data-end=\"1197\">Este <strong data-start=\"826\" data-end=\"844\">buffet premium<\/strong> combina lo mejor de la cocina local e internacional con una propuesta completa para todos los gustos: rinc\u00f3n mallorqu\u00edn con productos t\u00edpicos, desayuno continental y americano, y una amplia selecci\u00f3n de opciones saludables. Adem\u00e1s, incluye alternativas para <strong data-start=\"1103\" data-end=\"1147\">dietas veganas, sin gluten y sin lactosa<\/strong>, para que cada persona encuentre su opci\u00f3n ideal.<\/p>\n<p data-start=\"1199\" data-end=\"1399\">Como toque especial, la <strong data-start=\"1223\" data-end=\"1241\">cocina en vivo<\/strong> permite disfrutar de platos preparados al momento seg\u00fan tus preferencias, todo ello acompa\u00f1ado de un entorno privilegiado con <strong data-start=\"1368\" data-end=\"1398\">vistas a la Bah\u00eda de Palma<\/strong>.<\/p>\n<p data-start=\"1401\" data-end=\"1558\">Una forma perfecta de celebrar una ocasi\u00f3n especial, regalar una experiencia o simplemente darse un capricho en uno de los hoteles m\u00e1s exclusivos de la isla.<\/p>\n<hr data-start=\"1560\" data-end=\"1563\" \/>\n<h2 data-start=\"1565\" data-end=\"1621\">\u00bfQu\u00e9 incluye?<\/h2>\n<ul data-start=\"1622\" data-end=\"1925\">\n<li data-start=\"1622\" data-end=\"1665\">\n<p data-start=\"1624\" data-end=\"1665\"><strong data-start=\"1624\" data-end=\"1642\">Buffet premium<\/strong> en hotel 5 estrellas &#8211; Restaurante Para\u00edso \u2013 GPRO Valpara\u00edso Palace Hotel &amp; Spa<\/p>\n<\/li>\n<li data-start=\"1727\" data-end=\"1774\">\n<p data-start=\"1729\" data-end=\"1774\">Cocina en vivo con elaboraciones al momento<\/p>\n<\/li>\n<li data-start=\"1775\" data-end=\"1823\">\n<p data-start=\"1777\" data-end=\"1823\">Rinc\u00f3n mallorqu\u00edn + opciones internacionales<\/p>\n<\/li>\n<li data-start=\"1824\" data-end=\"1878\">\n<p data-start=\"1826\" data-end=\"1878\">Alternativas <strong data-start=\"1839\" data-end=\"1876\">veganas, sin gluten y sin lactosa<\/strong><\/p>\n<\/li>\n<li data-start=\"1879\" data-end=\"1925\">\n<p data-start=\"1881\" data-end=\"1925\"><strong data-start=\"1881\" data-end=\"1903\">Vistas panor\u00e1micas<\/strong> a la Bah\u00eda de Palma<\/p>\n<\/li>\n<\/ul>\n","protected":false},"excerpt":{"rendered":"<p>Disfruta de un <strong data-start=\"383\" data-end=\"410\">desayuno buffet premium<\/strong> en el Restaurante Para\u00edso del <strong data-start=\"441\" data-end=\"479\">GPRO Valpara\u00edso Palace Hotel &amp; Spa<\/strong>, con opciones locales e internacionales, cocina en vivo y <strong data-start=\"538\" data-end=\"583\">vistas espectaculares a la Bah\u00eda de Palma<\/strong>.<\/p>\n<p>Precio por persona 28\u20ac<\/p>\n<p>Precio por pareja 56<\/p>\n","protected":false},"featured_media":1324,"comment_status":"open","ping_status":"closed","template":"","meta":{"_et_pb_use_builder":"","_et_pb_old_content":"","_et_gb_content_width":""},"product_brand":[],"product_cat":[21],"product_tag":[],"giftcard-category":[32,31,46],"class_list":{"0":"post-1323","1":"product","2":"type-product","3":"status-publish","4":"has-post-thumbnail","6":"product_cat-sin-categorizar","7":"giftcard-category-dia-de-la-madre","8":"giftcard-category-cumpleanos","9":"giftcard-category-parejas","11":"first","12":"instock","13":"featured","14":"virtual","15":"purchasable","16":"product-type-gift-card"},"yoast_head":"<!-- This site is optimized with the Yoast SEO plugin v26.0 - https:\/\/yoast.com\/wordpress\/plugins\/seo\/ -->\n<title>Desayuno Gourmet \u2013 Hotel Valpara\u00edso 5* - Bono Regalo Mariluz<\/title>\n<meta name=\"robots\" content=\"index, follow, max-snippet:-1, max-image-preview:large, max-video-preview:-1\" \/>\n<link rel=\"canonical\" href=\"https:\/\/mallorca.mariluz.travel\/bonoregalo\/producto\/desayuno-gourmet-hotel-valparaiso\/\" \/>\n<meta property=\"og:locale\" content=\"es_ES\" \/>\n<meta property=\"og:type\" content=\"article\" \/>\n<meta property=\"og:title\" content=\"Desayuno Gourmet \u2013 Hotel Valpara\u00edso 5* - Bono Regalo Mariluz\" \/>\n<meta property=\"og:description\" content=\"Disfruta de un desayuno buffet premium en el Restaurante Para\u00edso del GPRO Valpara\u00edso Palace Hotel &amp; Spa, con opciones locales e internacionales, cocina en vivo y vistas espectaculares a la Bah\u00eda de Palma.  Precio por persona 28\u20ac  Precio por pareja 56\" \/>\n<meta property=\"og:url\" content=\"https:\/\/mallorca.mariluz.travel\/bonoregalo\/producto\/desayuno-gourmet-hotel-valparaiso\/\" \/>\n<meta property=\"og:site_name\" content=\"Bono Regalo Mariluz\" \/>\n<meta property=\"article:publisher\" content=\"https:\/\/www.facebook.com\/mariluztravel\/?locale=es_ES\" \/>\n<meta property=\"article:modified_time\" content=\"2026-01-30T16:41:41+00:00\" \/>\n<meta property=\"og:image\" content=\"https:\/\/mallorca.mariluz.travel\/bonoregalo\/wp-content\/uploads\/2026\/01\/desayuno_gourmet_bahia_opt.jpg\" \/>\n\t<meta property=\"og:image:width\" content=\"1536\" \/>\n\t<meta property=\"og:image:height\" content=\"1024\" \/>\n\t<meta property=\"og:image:type\" content=\"image\/jpeg\" \/>\n<meta name=\"twitter:card\" content=\"summary_large_image\" \/>\n<meta name=\"twitter:label1\" content=\"Tiempo de lectura\" \/>\n\t<meta name=\"twitter:data1\" content=\"2 minutos\" \/>\n<script type=\"application\/ld+json\" class=\"yoast-schema-graph\">{\"@context\":\"https:\/\/schema.org\",\"@graph\":[{\"@type\":\"WebPage\",\"@id\":\"https:\/\/mallorca.mariluz.travel\/bonoregalo\/producto\/desayuno-gourmet-hotel-valparaiso\/\",\"url\":\"https:\/\/mallorca.mariluz.travel\/bonoregalo\/producto\/desayuno-gourmet-hotel-valparaiso\/\",\"name\":\"Desayuno Gourmet \u2013 Hotel Valpara\u00edso 5* - Bono Regalo Mariluz\",\"isPartOf\":{\"@id\":\"https:\/\/mallorca.mariluz.travel\/bonoregalo\/#website\"},\"primaryImageOfPage\":{\"@id\":\"https:\/\/mallorca.mariluz.travel\/bonoregalo\/producto\/desayuno-gourmet-hotel-valparaiso\/#primaryimage\"},\"image\":{\"@id\":\"https:\/\/mallorca.mariluz.travel\/bonoregalo\/producto\/desayuno-gourmet-hotel-valparaiso\/#primaryimage\"},\"thumbnailUrl\":\"https:\/\/mallorca.mariluz.travel\/bonoregalo\/wp-content\/uploads\/2026\/01\/desayuno_gourmet_bahia_opt.jpg\",\"datePublished\":\"2026-01-06T12:28:16+00:00\",\"dateModified\":\"2026-01-30T16:41:41+00:00\",\"breadcrumb\":{\"@id\":\"https:\/\/mallorca.mariluz.travel\/bonoregalo\/producto\/desayuno-gourmet-hotel-valparaiso\/#breadcrumb\"},\"inLanguage\":\"es\",\"potentialAction\":[{\"@type\":\"ReadAction\",\"target\":[\"https:\/\/mallorca.mariluz.travel\/bonoregalo\/producto\/desayuno-gourmet-hotel-valparaiso\/\"]}]},{\"@type\":\"ImageObject\",\"inLanguage\":\"es\",\"@id\":\"https:\/\/mallorca.mariluz.travel\/bonoregalo\/producto\/desayuno-gourmet-hotel-valparaiso\/#primaryimage\",\"url\":\"https:\/\/mallorca.mariluz.travel\/bonoregalo\/wp-content\/uploads\/2026\/01\/desayuno_gourmet_bahia_opt.jpg\",\"contentUrl\":\"https:\/\/mallorca.mariluz.travel\/bonoregalo\/wp-content\/uploads\/2026\/01\/desayuno_gourmet_bahia_opt.jpg\",\"width\":1536,\"height\":1024},{\"@type\":\"BreadcrumbList\",\"@id\":\"https:\/\/mallorca.mariluz.travel\/bonoregalo\/producto\/desayuno-gourmet-hotel-valparaiso\/#breadcrumb\",\"itemListElement\":[{\"@type\":\"ListItem\",\"position\":1,\"name\":\"Portada\",\"item\":\"https:\/\/mallorca.mariluz.travel\/bonoregalo\/\"},{\"@type\":\"ListItem\",\"position\":2,\"name\":\"Tienda\",\"item\":\"https:\/\/mallorca.mariluz.travel\/bonoregalo\/tienda\/\"},{\"@type\":\"ListItem\",\"position\":3,\"name\":\"Desayuno Gourmet \u2013 Hotel Valpara\u00edso 5*\"}]},{\"@type\":\"WebSite\",\"@id\":\"https:\/\/mallorca.mariluz.travel\/bonoregalo\/#website\",\"url\":\"https:\/\/mallorca.mariluz.travel\/bonoregalo\/\",\"name\":\"Bono Regalo Mariluz\",\"description\":\"Bono regalo desde 25\u20ac - Regala experiencias en Mallorca\",\"publisher\":{\"@id\":\"https:\/\/mallorca.mariluz.travel\/bonoregalo\/#organization\"},\"potentialAction\":[{\"@type\":\"SearchAction\",\"target\":{\"@type\":\"EntryPoint\",\"urlTemplate\":\"https:\/\/mallorca.mariluz.travel\/bonoregalo\/?s={search_term_string}\"},\"query-input\":{\"@type\":\"PropertyValueSpecification\",\"valueRequired\":true,\"valueName\":\"search_term_string\"}}],\"inLanguage\":\"es\"},{\"@type\":\"Organization\",\"@id\":\"https:\/\/mallorca.mariluz.travel\/bonoregalo\/#organization\",\"name\":\"Bono Regalo Mariluz travel\",\"url\":\"https:\/\/mallorca.mariluz.travel\/bonoregalo\/\",\"logo\":{\"@type\":\"ImageObject\",\"inLanguage\":\"es\",\"@id\":\"https:\/\/mallorca.mariluz.travel\/bonoregalo\/#\/schema\/logo\/image\/\",\"url\":\"https:\/\/mallorca.mariluz.travel\/bonoregalo\/wp-content\/uploads\/2025\/01\/cropped-Diseno-sin-titulo-8.png\",\"contentUrl\":\"https:\/\/mallorca.mariluz.travel\/bonoregalo\/wp-content\/uploads\/2025\/01\/cropped-Diseno-sin-titulo-8.png\",\"width\":512,\"height\":512,\"caption\":\"Bono Regalo Mariluz travel\"},\"image\":{\"@id\":\"https:\/\/mallorca.mariluz.travel\/bonoregalo\/#\/schema\/logo\/image\/\"},\"sameAs\":[\"https:\/\/www.facebook.com\/mariluztravel\/?locale=es_ES\",\"https:\/\/www.instagram.com\/mariluz.travel\/\"]}]}<\/script>\n<!-- \/ Yoast SEO plugin. -->","yoast_head_json":{"title":"Desayuno Gourmet \u2013 Hotel Valpara\u00edso 5* - Bono Regalo Mariluz","robots":{"index":"index","follow":"follow","max-snippet":"max-snippet:-1","max-image-preview":"max-image-preview:large","max-video-preview":"max-video-preview:-1"},"canonical":"https:\/\/mallorca.mariluz.travel\/bonoregalo\/producto\/desayuno-gourmet-hotel-valparaiso\/","og_locale":"es_ES","og_type":"article","og_title":"Desayuno Gourmet \u2013 Hotel Valpara\u00edso 5* - Bono Regalo Mariluz","og_description":"Disfruta de un desayuno buffet premium en el Restaurante Para\u00edso del GPRO Valpara\u00edso Palace Hotel &amp; Spa, con opciones locales e internacionales, cocina en vivo y vistas espectaculares a la Bah\u00eda de Palma.  Precio por persona 28\u20ac  Precio por pareja 56","og_url":"https:\/\/mallorca.mariluz.travel\/bonoregalo\/producto\/desayuno-gourmet-hotel-valparaiso\/","og_site_name":"Bono Regalo Mariluz","article_publisher":"https:\/\/www.facebook.com\/mariluztravel\/?locale=es_ES","article_modified_time":"2026-01-30T16:41:41+00:00","og_image":[{"width":1536,"height":1024,"url":"https:\/\/mallorca.mariluz.travel\/bonoregalo\/wp-content\/uploads\/2026\/01\/desayuno_gourmet_bahia_opt.jpg","type":"image\/jpeg"}],"twitter_card":"summary_large_image","twitter_misc":{"Tiempo de lectura":"2 minutos"},"schema":{"@context":"https:\/\/schema.org","@graph":[{"@type":"WebPage","@id":"https:\/\/mallorca.mariluz.travel\/bonoregalo\/producto\/desayuno-gourmet-hotel-valparaiso\/","url":"https:\/\/mallorca.mariluz.travel\/bonoregalo\/producto\/desayuno-gourmet-hotel-valparaiso\/","name":"Desayuno Gourmet \u2013 Hotel Valpara\u00edso 5* - Bono Regalo Mariluz","isPartOf":{"@id":"https:\/\/mallorca.mariluz.travel\/bonoregalo\/#website"},"primaryImageOfPage":{"@id":"https:\/\/mallorca.mariluz.travel\/bonoregalo\/producto\/desayuno-gourmet-hotel-valparaiso\/#primaryimage"},"image":{"@id":"https:\/\/mallorca.mariluz.travel\/bonoregalo\/producto\/desayuno-gourmet-hotel-valparaiso\/#primaryimage"},"thumbnailUrl":"https:\/\/mallorca.mariluz.travel\/bonoregalo\/wp-content\/uploads\/2026\/01\/desayuno_gourmet_bahia_opt.jpg","datePublished":"2026-01-06T12:28:16+00:00","dateModified":"2026-01-30T16:41:41+00:00","breadcrumb":{"@id":"https:\/\/mallorca.mariluz.travel\/bonoregalo\/producto\/desayuno-gourmet-hotel-valparaiso\/#breadcrumb"},"inLanguage":"es","potentialAction":[{"@type":"ReadAction","target":["https:\/\/mallorca.mariluz.travel\/bonoregalo\/producto\/desayuno-gourmet-hotel-valparaiso\/"]}]},{"@type":"ImageObject","inLanguage":"es","@id":"https:\/\/mallorca.mariluz.travel\/bonoregalo\/producto\/desayuno-gourmet-hotel-valparaiso\/#primaryimage","url":"https:\/\/mallorca.mariluz.travel\/bonoregalo\/wp-content\/uploads\/2026\/01\/desayuno_gourmet_bahia_opt.jpg","contentUrl":"https:\/\/mallorca.mariluz.travel\/bonoregalo\/wp-content\/uploads\/2026\/01\/desayuno_gourmet_bahia_opt.jpg","width":1536,"height":1024},{"@type":"BreadcrumbList","@id":"https:\/\/mallorca.mariluz.travel\/bonoregalo\/producto\/desayuno-gourmet-hotel-valparaiso\/#breadcrumb","itemListElement":[{"@type":"ListItem","position":1,"name":"Portada","item":"https:\/\/mallorca.mariluz.travel\/bonoregalo\/"},{"@type":"ListItem","position":2,"name":"Tienda","item":"https:\/\/mallorca.mariluz.travel\/bonoregalo\/tienda\/"},{"@type":"ListItem","position":3,"name":"Desayuno Gourmet \u2013 Hotel Valpara\u00edso 5*"}]},{"@type":"WebSite","@id":"https:\/\/mallorca.mariluz.travel\/bonoregalo\/#website","url":"https:\/\/mallorca.mariluz.travel\/bonoregalo\/","name":"Bono Regalo Mariluz","description":"Bono regalo desde 25\u20ac - Regala experiencias en Mallorca","publisher":{"@id":"https:\/\/mallorca.mariluz.travel\/bonoregalo\/#organization"},"potentialAction":[{"@type":"SearchAction","target":{"@type":"EntryPoint","urlTemplate":"https:\/\/mallorca.mariluz.travel\/bonoregalo\/?s={search_term_string}"},"query-input":{"@type":"PropertyValueSpecification","valueRequired":true,"valueName":"search_term_string"}}],"inLanguage":"es"},{"@type":"Organization","@id":"https:\/\/mallorca.mariluz.travel\/bonoregalo\/#organization","name":"Bono Regalo Mariluz travel","url":"https:\/\/mallorca.mariluz.travel\/bonoregalo\/","logo":{"@type":"ImageObject","inLanguage":"es","@id":"https:\/\/mallorca.mariluz.travel\/bonoregalo\/#\/schema\/logo\/image\/","url":"https:\/\/mallorca.mariluz.travel\/bonoregalo\/wp-content\/uploads\/2025\/01\/cropped-Diseno-sin-titulo-8.png","contentUrl":"https:\/\/mallorca.mariluz.travel\/bonoregalo\/wp-content\/uploads\/2025\/01\/cropped-Diseno-sin-titulo-8.png","width":512,"height":512,"caption":"Bono Regalo Mariluz travel"},"image":{"@id":"https:\/\/mallorca.mariluz.travel\/bonoregalo\/#\/schema\/logo\/image\/"},"sameAs":["https:\/\/www.facebook.com\/mariluztravel\/?locale=es_ES","https:\/\/www.instagram.com\/mariluz.travel\/"]}]}},"jetpack_sharing_enabled":true,"_links":{"self":[{"href":"https:\/\/mallorca.mariluz.travel\/bonoregalo\/wp-json\/wp\/v2\/product\/1323","targetHints":{"allow":["GET"]}}],"collection":[{"href":"https:\/\/mallorca.mariluz.travel\/bonoregalo\/wp-json\/wp\/v2\/product"}],"about":[{"href":"https:\/\/mallorca.mariluz.travel\/bonoregalo\/wp-json\/wp\/v2\/types\/product"}],"replies":[{"embeddable":true,"href":"https:\/\/mallorca.mariluz.travel\/bonoregalo\/wp-json\/wp\/v2\/comments?post=1323"}],"wp:featuredmedia":[{"embeddable":true,"href":"https:\/\/mallorca.mariluz.travel\/bonoregalo\/wp-json\/wp\/v2\/media\/1324"}],"wp:attachment":[{"href":"https:\/\/mallorca.mariluz.travel\/bonoregalo\/wp-json\/wp\/v2\/media?parent=1323"}],"wp:term":[{"taxonomy":"product_brand","embeddable":true,"href":"https:\/\/mallorca.mariluz.travel\/bonoregalo\/wp-json\/wp\/v2\/product_brand?post=1323"},{"taxonomy":"product_cat","embeddable":true,"href":"https:\/\/mallorca.mariluz.travel\/bonoregalo\/wp-json\/wp\/v2\/product_cat?post=1323"},{"taxonomy":"product_tag","embeddable":true,"href":"https:\/\/mallorca.mariluz.travel\/bonoregalo\/wp-json\/wp\/v2\/product_tag?post=1323"},{"taxonomy":"giftcard-category","embeddable":true,"href":"https:\/\/mallorca.mariluz.travel\/bonoregalo\/wp-json\/wp\/v2\/giftcard-category?post=1323"}],"curies":[{"name":"wp","href":"https:\/\/api.w.org\/{rel}","templated":true}]}}