{"id":1400,"date":"2026-01-30T17:51:06","date_gmt":"2026-01-30T16:51:06","guid":{"rendered":"https:\/\/mallorca.mariluz.travel\/bonoregalo\/?post_type=product&#038;p=1400"},"modified":"2026-01-30T18:12:51","modified_gmt":"2026-01-30T17:12:51","slug":"feliz-amanecer","status":"publish","type":"product","link":"https:\/\/mallorca.mariluz.travel\/bonoregalo\/producto\/feliz-amanecer\/","title":{"rendered":"Pack Feliz Amanecer ( Desayuno, Spa y Masaje )\u2013Hotel Valpara\u00edso 5*"},"content":{"rendered":"<p data-start=\"637\" data-end=\"819\">Disfruta de un maravilloso comienzo comienzo de d\u00eda con delicioso desayuno. Contin\u00fae disfrutando de la ma\u00f1ana con una relajante sesi\u00f3n de Spa y un exclusivo masaje corporal relajante de 60 minutos.<\/p>\n<hr data-start=\"1560\" data-end=\"1563\" \/>\n<h2 data-start=\"1565\" data-end=\"1621\">\u00bfQu\u00e9 incluye?<\/h2>\n<ul>\n<li>Desayuno tipo buffet: horario del desayuno 09:00h.<\/li>\n<li>Acceso de dos horas al Circuito HSPA compuesto por piscina din\u00e1mica climatizada interior con zona exterior, jacuzzi, sauna, ba\u00f1o turco, ba\u00f1os de vapor e inhalaci\u00f3n con esencias herbales, pasillo Kneipp, duchas de aromas, sala\u00a0de relajaci\u00f3n, sala de meditaci\u00f3n y sala de fitness.\u00a0Seg\u00fan disponibilidad.<\/li>\n<li>Masaje corporal relajante (60 minutos)<\/li>\n<\/ul>\n<p data-start=\"1881\" data-end=\"1925\">\n","protected":false},"excerpt":{"rendered":"<p>Disfruta de un maravilloso comienzo comienzo de d\u00eda con delicioso desayuno. Contin\u00fae disfrutando de la ma\u00f1ana con una relajante sesi\u00f3n de Spa y un exclusivo masaje corporal relajante de 60 minutos.<\/p>\n<p>Precio: 145\u20ac por persona \/ 290\u20ac por pareja<\/p>\n","protected":false},"featured_media":1401,"comment_status":"open","ping_status":"closed","template":"","meta":{"_et_pb_use_builder":"","_et_pb_old_content":"","_et_gb_content_width":""},"product_brand":[],"product_cat":[21],"product_tag":[],"giftcard-category":[],"class_list":{"0":"post-1400","1":"product","2":"type-product","3":"status-publish","4":"has-post-thumbnail","6":"product_cat-sin-categorizar","8":"first","9":"instock","10":"featured","11":"virtual","12":"purchasable","13":"product-type-gift-card"},"yoast_head":"<!-- This site is optimized with the Yoast SEO plugin v26.0 - https:\/\/yoast.com\/wordpress\/plugins\/seo\/ -->\n<title>Pack Feliz Amanecer ( Desayuno, Spa y Masaje )\u2013Hotel Valpara\u00edso 5* - Bono Regalo Mariluz<\/title>\n<meta name=\"robots\" content=\"index, follow, max-snippet:-1, max-image-preview:large, max-video-preview:-1\" \/>\n<link rel=\"canonical\" href=\"https:\/\/mallorca.mariluz.travel\/bonoregalo\/producto\/feliz-amanecer\/\" \/>\n<meta property=\"og:locale\" content=\"es_ES\" \/>\n<meta property=\"og:type\" content=\"article\" \/>\n<meta property=\"og:title\" content=\"Pack Feliz Amanecer ( Desayuno, Spa y Masaje )\u2013Hotel Valpara\u00edso 5* - Bono Regalo Mariluz\" \/>\n<meta property=\"og:description\" content=\"Disfruta de un maravilloso comienzo comienzo de d\u00eda con delicioso desayuno. Contin\u00fae disfrutando de la ma\u00f1ana con una relajante sesi\u00f3n de Spa y un exclusivo masaje corporal relajante de 60 minutos.  Precio: 145\u20ac por persona \/ 290\u20ac por pareja\" \/>\n<meta property=\"og:url\" content=\"https:\/\/mallorca.mariluz.travel\/bonoregalo\/producto\/feliz-amanecer\/\" \/>\n<meta property=\"og:site_name\" content=\"Bono Regalo Mariluz\" \/>\n<meta property=\"article:publisher\" content=\"https:\/\/www.facebook.com\/mariluztravel\/?locale=es_ES\" \/>\n<meta property=\"article:modified_time\" content=\"2026-01-30T17:12:51+00:00\" \/>\n<meta property=\"og:image\" content=\"https:\/\/mallorca.mariluz.travel\/bonoregalo\/wp-content\/uploads\/2026\/01\/682dd23e6d444_630011744.jpg\" \/>\n\t<meta property=\"og:image:width\" content=\"1024\" \/>\n\t<meta property=\"og:image:height\" content=\"683\" \/>\n\t<meta property=\"og:image:type\" content=\"image\/jpeg\" \/>\n<meta name=\"twitter:card\" content=\"summary_large_image\" \/>\n<meta name=\"twitter:label1\" content=\"Tiempo de lectura\" \/>\n\t<meta name=\"twitter:data1\" content=\"1 minuto\" \/>\n<script type=\"application\/ld+json\" class=\"yoast-schema-graph\">{\"@context\":\"https:\/\/schema.org\",\"@graph\":[{\"@type\":\"WebPage\",\"@id\":\"https:\/\/mallorca.mariluz.travel\/bonoregalo\/producto\/feliz-amanecer\/\",\"url\":\"https:\/\/mallorca.mariluz.travel\/bonoregalo\/producto\/feliz-amanecer\/\",\"name\":\"Pack Feliz Amanecer ( Desayuno, Spa y Masaje )\u2013Hotel Valpara\u00edso 5* - Bono Regalo Mariluz\",\"isPartOf\":{\"@id\":\"https:\/\/mallorca.mariluz.travel\/bonoregalo\/#website\"},\"primaryImageOfPage\":{\"@id\":\"https:\/\/mallorca.mariluz.travel\/bonoregalo\/producto\/feliz-amanecer\/#primaryimage\"},\"image\":{\"@id\":\"https:\/\/mallorca.mariluz.travel\/bonoregalo\/producto\/feliz-amanecer\/#primaryimage\"},\"thumbnailUrl\":\"https:\/\/mallorca.mariluz.travel\/bonoregalo\/wp-content\/uploads\/2026\/01\/682dd23e6d444_630011744.jpg\",\"datePublished\":\"2026-01-30T16:51:06+00:00\",\"dateModified\":\"2026-01-30T17:12:51+00:00\",\"breadcrumb\":{\"@id\":\"https:\/\/mallorca.mariluz.travel\/bonoregalo\/producto\/feliz-amanecer\/#breadcrumb\"},\"inLanguage\":\"es\",\"potentialAction\":[{\"@type\":\"ReadAction\",\"target\":[\"https:\/\/mallorca.mariluz.travel\/bonoregalo\/producto\/feliz-amanecer\/\"]}]},{\"@type\":\"ImageObject\",\"inLanguage\":\"es\",\"@id\":\"https:\/\/mallorca.mariluz.travel\/bonoregalo\/producto\/feliz-amanecer\/#primaryimage\",\"url\":\"https:\/\/mallorca.mariluz.travel\/bonoregalo\/wp-content\/uploads\/2026\/01\/682dd23e6d444_630011744.jpg\",\"contentUrl\":\"https:\/\/mallorca.mariluz.travel\/bonoregalo\/wp-content\/uploads\/2026\/01\/682dd23e6d444_630011744.jpg\",\"width\":1024,\"height\":683},{\"@type\":\"BreadcrumbList\",\"@id\":\"https:\/\/mallorca.mariluz.travel\/bonoregalo\/producto\/feliz-amanecer\/#breadcrumb\",\"itemListElement\":[{\"@type\":\"ListItem\",\"position\":1,\"name\":\"Portada\",\"item\":\"https:\/\/mallorca.mariluz.travel\/bonoregalo\/\"},{\"@type\":\"ListItem\",\"position\":2,\"name\":\"Tienda\",\"item\":\"https:\/\/mallorca.mariluz.travel\/bonoregalo\/tienda\/\"},{\"@type\":\"ListItem\",\"position\":3,\"name\":\"Pack Feliz Amanecer ( Desayuno, Spa y Masaje )\u2013Hotel Valpara\u00edso 5*\"}]},{\"@type\":\"WebSite\",\"@id\":\"https:\/\/mallorca.mariluz.travel\/bonoregalo\/#website\",\"url\":\"https:\/\/mallorca.mariluz.travel\/bonoregalo\/\",\"name\":\"Bono Regalo Mariluz\",\"description\":\"Bono regalo desde 25\u20ac - Regala experiencias en Mallorca\",\"publisher\":{\"@id\":\"https:\/\/mallorca.mariluz.travel\/bonoregalo\/#organization\"},\"potentialAction\":[{\"@type\":\"SearchAction\",\"target\":{\"@type\":\"EntryPoint\",\"urlTemplate\":\"https:\/\/mallorca.mariluz.travel\/bonoregalo\/?s={search_term_string}\"},\"query-input\":{\"@type\":\"PropertyValueSpecification\",\"valueRequired\":true,\"valueName\":\"search_term_string\"}}],\"inLanguage\":\"es\"},{\"@type\":\"Organization\",\"@id\":\"https:\/\/mallorca.mariluz.travel\/bonoregalo\/#organization\",\"name\":\"Bono Regalo Mariluz travel\",\"url\":\"https:\/\/mallorca.mariluz.travel\/bonoregalo\/\",\"logo\":{\"@type\":\"ImageObject\",\"inLanguage\":\"es\",\"@id\":\"https:\/\/mallorca.mariluz.travel\/bonoregalo\/#\/schema\/logo\/image\/\",\"url\":\"https:\/\/mallorca.mariluz.travel\/bonoregalo\/wp-content\/uploads\/2025\/01\/cropped-Diseno-sin-titulo-8.png\",\"contentUrl\":\"https:\/\/mallorca.mariluz.travel\/bonoregalo\/wp-content\/uploads\/2025\/01\/cropped-Diseno-sin-titulo-8.png\",\"width\":512,\"height\":512,\"caption\":\"Bono Regalo Mariluz travel\"},\"image\":{\"@id\":\"https:\/\/mallorca.mariluz.travel\/bonoregalo\/#\/schema\/logo\/image\/\"},\"sameAs\":[\"https:\/\/www.facebook.com\/mariluztravel\/?locale=es_ES\",\"https:\/\/www.instagram.com\/mariluz.travel\/\"]}]}<\/script>\n<!-- \/ Yoast SEO plugin. -->","yoast_head_json":{"title":"Pack Feliz Amanecer ( Desayuno, Spa y Masaje )\u2013Hotel Valpara\u00edso 5* - Bono Regalo Mariluz","robots":{"index":"index","follow":"follow","max-snippet":"max-snippet:-1","max-image-preview":"max-image-preview:large","max-video-preview":"max-video-preview:-1"},"canonical":"https:\/\/mallorca.mariluz.travel\/bonoregalo\/producto\/feliz-amanecer\/","og_locale":"es_ES","og_type":"article","og_title":"Pack Feliz Amanecer ( Desayuno, Spa y Masaje )\u2013Hotel Valpara\u00edso 5* - Bono Regalo Mariluz","og_description":"Disfruta de un maravilloso comienzo comienzo de d\u00eda con delicioso desayuno. Contin\u00fae disfrutando de la ma\u00f1ana con una relajante sesi\u00f3n de Spa y un exclusivo masaje corporal relajante de 60 minutos.  Precio: 145\u20ac por persona \/ 290\u20ac por pareja","og_url":"https:\/\/mallorca.mariluz.travel\/bonoregalo\/producto\/feliz-amanecer\/","og_site_name":"Bono Regalo Mariluz","article_publisher":"https:\/\/www.facebook.com\/mariluztravel\/?locale=es_ES","article_modified_time":"2026-01-30T17:12:51+00:00","og_image":[{"width":1024,"height":683,"url":"https:\/\/mallorca.mariluz.travel\/bonoregalo\/wp-content\/uploads\/2026\/01\/682dd23e6d444_630011744.jpg","type":"image\/jpeg"}],"twitter_card":"summary_large_image","twitter_misc":{"Tiempo de lectura":"1 minuto"},"schema":{"@context":"https:\/\/schema.org","@graph":[{"@type":"WebPage","@id":"https:\/\/mallorca.mariluz.travel\/bonoregalo\/producto\/feliz-amanecer\/","url":"https:\/\/mallorca.mariluz.travel\/bonoregalo\/producto\/feliz-amanecer\/","name":"Pack Feliz Amanecer ( Desayuno, Spa y Masaje )\u2013Hotel Valpara\u00edso 5* - Bono Regalo Mariluz","isPartOf":{"@id":"https:\/\/mallorca.mariluz.travel\/bonoregalo\/#website"},"primaryImageOfPage":{"@id":"https:\/\/mallorca.mariluz.travel\/bonoregalo\/producto\/feliz-amanecer\/#primaryimage"},"image":{"@id":"https:\/\/mallorca.mariluz.travel\/bonoregalo\/producto\/feliz-amanecer\/#primaryimage"},"thumbnailUrl":"https:\/\/mallorca.mariluz.travel\/bonoregalo\/wp-content\/uploads\/2026\/01\/682dd23e6d444_630011744.jpg","datePublished":"2026-01-30T16:51:06+00:00","dateModified":"2026-01-30T17:12:51+00:00","breadcrumb":{"@id":"https:\/\/mallorca.mariluz.travel\/bonoregalo\/producto\/feliz-amanecer\/#breadcrumb"},"inLanguage":"es","potentialAction":[{"@type":"ReadAction","target":["https:\/\/mallorca.mariluz.travel\/bonoregalo\/producto\/feliz-amanecer\/"]}]},{"@type":"ImageObject","inLanguage":"es","@id":"https:\/\/mallorca.mariluz.travel\/bonoregalo\/producto\/feliz-amanecer\/#primaryimage","url":"https:\/\/mallorca.mariluz.travel\/bonoregalo\/wp-content\/uploads\/2026\/01\/682dd23e6d444_630011744.jpg","contentUrl":"https:\/\/mallorca.mariluz.travel\/bonoregalo\/wp-content\/uploads\/2026\/01\/682dd23e6d444_630011744.jpg","width":1024,"height":683},{"@type":"BreadcrumbList","@id":"https:\/\/mallorca.mariluz.travel\/bonoregalo\/producto\/feliz-amanecer\/#breadcrumb","itemListElement":[{"@type":"ListItem","position":1,"name":"Portada","item":"https:\/\/mallorca.mariluz.travel\/bonoregalo\/"},{"@type":"ListItem","position":2,"name":"Tienda","item":"https:\/\/mallorca.mariluz.travel\/bonoregalo\/tienda\/"},{"@type":"ListItem","position":3,"name":"Pack Feliz Amanecer ( Desayuno, Spa y Masaje )\u2013Hotel Valpara\u00edso 5*"}]},{"@type":"WebSite","@id":"https:\/\/mallorca.mariluz.travel\/bonoregalo\/#website","url":"https:\/\/mallorca.mariluz.travel\/bonoregalo\/","name":"Bono Regalo Mariluz","description":"Bono regalo desde 25\u20ac - Regala experiencias en Mallorca","publisher":{"@id":"https:\/\/mallorca.mariluz.travel\/bonoregalo\/#organization"},"potentialAction":[{"@type":"SearchAction","target":{"@type":"EntryPoint","urlTemplate":"https:\/\/mallorca.mariluz.travel\/bonoregalo\/?s={search_term_string}"},"query-input":{"@type":"PropertyValueSpecification","valueRequired":true,"valueName":"search_term_string"}}],"inLanguage":"es"},{"@type":"Organization","@id":"https:\/\/mallorca.mariluz.travel\/bonoregalo\/#organization","name":"Bono Regalo Mariluz travel","url":"https:\/\/mallorca.mariluz.travel\/bonoregalo\/","logo":{"@type":"ImageObject","inLanguage":"es","@id":"https:\/\/mallorca.mariluz.travel\/bonoregalo\/#\/schema\/logo\/image\/","url":"https:\/\/mallorca.mariluz.travel\/bonoregalo\/wp-content\/uploads\/2025\/01\/cropped-Diseno-sin-titulo-8.png","contentUrl":"https:\/\/mallorca.mariluz.travel\/bonoregalo\/wp-content\/uploads\/2025\/01\/cropped-Diseno-sin-titulo-8.png","width":512,"height":512,"caption":"Bono Regalo Mariluz travel"},"image":{"@id":"https:\/\/mallorca.mariluz.travel\/bonoregalo\/#\/schema\/logo\/image\/"},"sameAs":["https:\/\/www.facebook.com\/mariluztravel\/?locale=es_ES","https:\/\/www.instagram.com\/mariluz.travel\/"]}]}},"jetpack_sharing_enabled":true,"_links":{"self":[{"href":"https:\/\/mallorca.mariluz.travel\/bonoregalo\/wp-json\/wp\/v2\/product\/1400","targetHints":{"allow":["GET"]}}],"collection":[{"href":"https:\/\/mallorca.mariluz.travel\/bonoregalo\/wp-json\/wp\/v2\/product"}],"about":[{"href":"https:\/\/mallorca.mariluz.travel\/bonoregalo\/wp-json\/wp\/v2\/types\/product"}],"replies":[{"embeddable":true,"href":"https:\/\/mallorca.mariluz.travel\/bonoregalo\/wp-json\/wp\/v2\/comments?post=1400"}],"wp:featuredmedia":[{"embeddable":true,"href":"https:\/\/mallorca.mariluz.travel\/bonoregalo\/wp-json\/wp\/v2\/media\/1401"}],"wp:attachment":[{"href":"https:\/\/mallorca.mariluz.travel\/bonoregalo\/wp-json\/wp\/v2\/media?parent=1400"}],"wp:term":[{"taxonomy":"product_brand","embeddable":true,"href":"https:\/\/mallorca.mariluz.travel\/bonoregalo\/wp-json\/wp\/v2\/product_brand?post=1400"},{"taxonomy":"product_cat","embeddable":true,"href":"https:\/\/mallorca.mariluz.travel\/bonoregalo\/wp-json\/wp\/v2\/product_cat?post=1400"},{"taxonomy":"product_tag","embeddable":true,"href":"https:\/\/mallorca.mariluz.travel\/bonoregalo\/wp-json\/wp\/v2\/product_tag?post=1400"},{"taxonomy":"giftcard-category","embeddable":true,"href":"https:\/\/mallorca.mariluz.travel\/bonoregalo\/wp-json\/wp\/v2\/giftcard-category?post=1400"}],"curies":[{"name":"wp","href":"https:\/\/api.w.org\/{rel}","templated":true}]}}